{"id":114,"date":"2019-11-15T16:32:04","date_gmt":"2019-11-15T15:32:04","guid":{"rendered":"https:\/\/body4soul.de\/?page_id=114"},"modified":"2022-11-11T14:09:47","modified_gmt":"2022-11-11T13:09:47","slug":"ayurveda","status":"publish","type":"page","link":"https:\/\/body4soul.de\/index.php\/ayurveda\/","title":{"rendered":"AYURVEDA"},"content":{"rendered":"<p><strong>Ayurveda &#8211; Das Wissen vom Leben &#8211;<\/strong><\/p>\n<p>stellte die Ern\u00e4hrung schon vor \u00fcber 5000 Jahren in den Mittelpunkt einer <strong>ganzheitlichen gesunden Lebensf\u00fchrung<\/strong>.<\/p>\n<p>Lernen Sie die Ayurvedische K\u00fcche mit ihren wunderbaren <strong>Geschmacksvariationen<\/strong> und ihren feinen Zutaten kennen.<\/p>\n<p>Die hier vorgestellte K\u00fcche macht es ihnen leicht sich <strong>lecker und gesund<\/strong> zu ern\u00e4hren, gegen Krankheiten vorzubeugen und im Falle einer Erkrankung die Heilung zu f\u00f6rdern.<\/p>\n<p>Der verschwenderische<strong> Reichtum an heilenden Gew\u00fcrzen<\/strong> hat den Ruhm der ayurvedischen K\u00fcche begr\u00fcndet, die als eine der ges\u00fcndesten und zugleich aufregendsten K\u00fcchen der Welt gilt.<\/p>\n<p>Entdecken Sie die <strong>exotische Vielfalt<\/strong> dieser altindischen Heilkunst in einem <strong>Ayurvedisch-Indischen <a href=\"https:\/\/body4soul.de\/index.php\/kochkurse\/\">Kochkurs<\/a><\/strong>.<\/p>\n<p>Erfahren Sie selbst die positiven Auswirkungen dieser zeitlosen Wissenschaft und buchen Sie die individuelle <a href=\"https:\/\/body4soul.de\/index.php\/ernaehrungsberatung\/\"><strong>Ern\u00e4hrungsberatung<\/strong><\/a>.<\/p>\n<p>\u00dcbrigens: Ayurveda kann man auch verschenken \u2013 als <strong><a href=\"https:\/\/body4soul.de\/index.php\/2019\/12\/02\/gutschein-verschenken\/\">Gutschein<\/a><\/strong>\u00a0\ud83d\udc9d<\/p>\n<p>&nbsp;<\/p>\n","protected":false},"excerpt":{"rendered":"<p>Ayurveda &#8211; Das Wissen vom Leben &#8211; stellte die Ern\u00e4hrung schon vor \u00fcber 5000 Jahren in den Mittelpunkt einer ganzheitlichen gesunden Lebensf\u00fchrung. Lernen Sie die Ayurvedische K\u00fcche mit ihren wunderbaren Geschmacksvariationen und ihren feinen Zutaten kennen. Die hier vorgestellte K\u00fcche macht es ihnen leicht sich lecker und gesund zu ern\u00e4hren, gegen Krankheiten vorzubeugen und im [&hellip;]<\/p>\n","protected":false},"author":1,"featured_media":0,"parent":0,"menu_order":0,"comment_status":"closed","ping_status":"closed","template":"","meta":{"footnotes":"","_links_to":"","_links_to_target":""},"class_list":["post-114","page","type-page","status-publish","hentry"],"yoast_head":"<!-- This site is optimized with the Yoast SEO plugin v27.3 - https:\/\/yoast.com\/product\/yoast-seo-wordpress\/ -->\n<title>AYURVEDA - Body &amp; Soul<\/title>\n<meta name=\"description\" content=\"Ayurveda, Gesundheit, Kochkurse, Gew\u00fcrze, Landau, K\u00fcchenstudio, Indien, Sri Lanka, Weihnachts- , Firmen-, Geburtstagsfeiern, Event.\" \/>\n<meta name=\"robots\" content=\"index, follow, max-snippet:-1, max-image-preview:large, max-video-preview:-1\" \/>\n<link rel=\"canonical\" href=\"https:\/\/body4soul.de\/index.php\/ayurveda\/\" \/>\n<meta property=\"og:locale\" content=\"de_DE\" \/>\n<meta property=\"og:type\" content=\"article\" \/>\n<meta property=\"og:title\" content=\"AYURVEDA - Body &amp; Soul\" \/>\n<meta property=\"og:description\" content=\"Ayurveda, Gesundheit, Kochkurse, Gew\u00fcrze, Landau, K\u00fcchenstudio, Indien, Sri Lanka, Weihnachts- , Firmen-, Geburtstagsfeiern, Event.\" \/>\n<meta property=\"og:url\" content=\"https:\/\/body4soul.de\/index.php\/ayurveda\/\" \/>\n<meta property=\"og:site_name\" content=\"Body &amp; Soul\" \/>\n<meta property=\"article:publisher\" content=\"https:\/\/www.facebook.com\/Yamuna.Mohl.Yoga\" \/>\n<meta property=\"article:modified_time\" content=\"2022-11-11T13:09:47+00:00\" \/>\n<meta name=\"twitter:card\" content=\"summary_large_image\" \/>\n<meta name=\"twitter:label1\" content=\"Gesch\u00e4tzte Lesezeit\" \/>\n\t<meta name=\"twitter:data1\" content=\"1\u00a0Minute\" \/>\n<script type=\"application\/ld+json\" class=\"yoast-schema-graph\">{\"@context\":\"https:\\\/\\\/schema.org\",\"@graph\":[{\"@type\":\"WebPage\",\"@id\":\"https:\\\/\\\/body4soul.de\\\/index.php\\\/ayurveda\\\/\",\"url\":\"https:\\\/\\\/body4soul.de\\\/index.php\\\/ayurveda\\\/\",\"name\":\"AYURVEDA - Body &amp; Soul\",\"isPartOf\":{\"@id\":\"https:\\\/\\\/body4soul.de\\\/#website\"},\"datePublished\":\"2019-11-15T15:32:04+00:00\",\"dateModified\":\"2022-11-11T13:09:47+00:00\",\"description\":\"Ayurveda, Gesundheit, Kochkurse, Gew\u00fcrze, Landau, K\u00fcchenstudio, Indien, Sri Lanka, Weihnachts- , Firmen-, Geburtstagsfeiern, Event.\",\"breadcrumb\":{\"@id\":\"https:\\\/\\\/body4soul.de\\\/index.php\\\/ayurveda\\\/#breadcrumb\"},\"inLanguage\":\"de\",\"potentialAction\":[{\"@type\":\"ReadAction\",\"target\":[\"https:\\\/\\\/body4soul.de\\\/index.php\\\/ayurveda\\\/\"]}]},{\"@type\":\"BreadcrumbList\",\"@id\":\"https:\\\/\\\/body4soul.de\\\/index.php\\\/ayurveda\\\/#breadcrumb\",\"itemListElement\":[{\"@type\":\"ListItem\",\"position\":1,\"name\":\"Startseite\",\"item\":\"https:\\\/\\\/body4soul.de\\\/\"},{\"@type\":\"ListItem\",\"position\":2,\"name\":\"AYURVEDA\"}]},{\"@type\":\"WebSite\",\"@id\":\"https:\\\/\\\/body4soul.de\\\/#website\",\"url\":\"https:\\\/\\\/body4soul.de\\\/\",\"name\":\"Body &amp; Soul\",\"description\":\"Yoga - Entspannung - Ayurveda - Nordic Walking\",\"publisher\":{\"@id\":\"https:\\\/\\\/body4soul.de\\\/#organization\"},\"potentialAction\":[{\"@type\":\"SearchAction\",\"target\":{\"@type\":\"EntryPoint\",\"urlTemplate\":\"https:\\\/\\\/body4soul.de\\\/?s={search_term_string}\"},\"query-input\":{\"@type\":\"PropertyValueSpecification\",\"valueRequired\":true,\"valueName\":\"search_term_string\"}}],\"inLanguage\":\"de\"},{\"@type\":\"Organization\",\"@id\":\"https:\\\/\\\/body4soul.de\\\/#organization\",\"name\":\"Body & Soul\",\"url\":\"https:\\\/\\\/body4soul.de\\\/\",\"logo\":{\"@type\":\"ImageObject\",\"inLanguage\":\"de\",\"@id\":\"https:\\\/\\\/body4soul.de\\\/#\\\/schema\\\/logo\\\/image\\\/\",\"url\":\"https:\\\/\\\/body4soul.de\\\/wp-content\\\/uploads\\\/2019\\\/11\\\/cropped-image001-1.jpg\",\"contentUrl\":\"https:\\\/\\\/body4soul.de\\\/wp-content\\\/uploads\\\/2019\\\/11\\\/cropped-image001-1.jpg\",\"width\":512,\"height\":512,\"caption\":\"Body & Soul\"},\"image\":{\"@id\":\"https:\\\/\\\/body4soul.de\\\/#\\\/schema\\\/logo\\\/image\\\/\"},\"sameAs\":[\"https:\\\/\\\/www.facebook.com\\\/Yamuna.Mohl.Yoga\",\"https:\\\/\\\/www.instagram.com\\\/bodyandsoul_landau\\\/\"]}]}<\/script>\n<!-- \/ Yoast SEO plugin. -->","yoast_head_json":{"title":"AYURVEDA - Body &amp; Soul","description":"Ayurveda, Gesundheit, Kochkurse, Gew\u00fcrze, Landau, K\u00fcchenstudio, Indien, Sri Lanka, Weihnachts- , Firmen-, Geburtstagsfeiern, Event.","robots":{"index":"index","follow":"follow","max-snippet":"max-snippet:-1","max-image-preview":"max-image-preview:large","max-video-preview":"max-video-preview:-1"},"canonical":"https:\/\/body4soul.de\/index.php\/ayurveda\/","og_locale":"de_DE","og_type":"article","og_title":"AYURVEDA - Body &amp; Soul","og_description":"Ayurveda, Gesundheit, Kochkurse, Gew\u00fcrze, Landau, K\u00fcchenstudio, Indien, Sri Lanka, Weihnachts- , Firmen-, Geburtstagsfeiern, Event.","og_url":"https:\/\/body4soul.de\/index.php\/ayurveda\/","og_site_name":"Body &amp; Soul","article_publisher":"https:\/\/www.facebook.com\/Yamuna.Mohl.Yoga","article_modified_time":"2022-11-11T13:09:47+00:00","twitter_card":"summary_large_image","twitter_misc":{"Gesch\u00e4tzte Lesezeit":"1\u00a0Minute"},"schema":{"@context":"https:\/\/schema.org","@graph":[{"@type":"WebPage","@id":"https:\/\/body4soul.de\/index.php\/ayurveda\/","url":"https:\/\/body4soul.de\/index.php\/ayurveda\/","name":"AYURVEDA - Body &amp; Soul","isPartOf":{"@id":"https:\/\/body4soul.de\/#website"},"datePublished":"2019-11-15T15:32:04+00:00","dateModified":"2022-11-11T13:09:47+00:00","description":"Ayurveda, Gesundheit, Kochkurse, Gew\u00fcrze, Landau, K\u00fcchenstudio, Indien, Sri Lanka, Weihnachts- , Firmen-, Geburtstagsfeiern, Event.","breadcrumb":{"@id":"https:\/\/body4soul.de\/index.php\/ayurveda\/#breadcrumb"},"inLanguage":"de","potentialAction":[{"@type":"ReadAction","target":["https:\/\/body4soul.de\/index.php\/ayurveda\/"]}]},{"@type":"BreadcrumbList","@id":"https:\/\/body4soul.de\/index.php\/ayurveda\/#breadcrumb","itemListElement":[{"@type":"ListItem","position":1,"name":"Startseite","item":"https:\/\/body4soul.de\/"},{"@type":"ListItem","position":2,"name":"AYURVEDA"}]},{"@type":"WebSite","@id":"https:\/\/body4soul.de\/#website","url":"https:\/\/body4soul.de\/","name":"Body &amp; Soul","description":"Yoga - Entspannung - Ayurveda - Nordic Walking","publisher":{"@id":"https:\/\/body4soul.de\/#organization"},"potentialAction":[{"@type":"SearchAction","target":{"@type":"EntryPoint","urlTemplate":"https:\/\/body4soul.de\/?s={search_term_string}"},"query-input":{"@type":"PropertyValueSpecification","valueRequired":true,"valueName":"search_term_string"}}],"inLanguage":"de"},{"@type":"Organization","@id":"https:\/\/body4soul.de\/#organization","name":"Body & Soul","url":"https:\/\/body4soul.de\/","logo":{"@type":"ImageObject","inLanguage":"de","@id":"https:\/\/body4soul.de\/#\/schema\/logo\/image\/","url":"https:\/\/body4soul.de\/wp-content\/uploads\/2019\/11\/cropped-image001-1.jpg","contentUrl":"https:\/\/body4soul.de\/wp-content\/uploads\/2019\/11\/cropped-image001-1.jpg","width":512,"height":512,"caption":"Body & Soul"},"image":{"@id":"https:\/\/body4soul.de\/#\/schema\/logo\/image\/"},"sameAs":["https:\/\/www.facebook.com\/Yamuna.Mohl.Yoga","https:\/\/www.instagram.com\/bodyandsoul_landau\/"]}]}},"_links":{"self":[{"href":"https:\/\/body4soul.de\/index.php\/wp-json\/wp\/v2\/pages\/114","targetHints":{"allow":["GET"]}}],"collection":[{"href":"https:\/\/body4soul.de\/index.php\/wp-json\/wp\/v2\/pages"}],"about":[{"href":"https:\/\/body4soul.de\/index.php\/wp-json\/wp\/v2\/types\/page"}],"author":[{"embeddable":true,"href":"https:\/\/body4soul.de\/index.php\/wp-json\/wp\/v2\/users\/1"}],"replies":[{"embeddable":true,"href":"https:\/\/body4soul.de\/index.php\/wp-json\/wp\/v2\/comments?post=114"}],"version-history":[{"count":5,"href":"https:\/\/body4soul.de\/index.php\/wp-json\/wp\/v2\/pages\/114\/revisions"}],"predecessor-version":[{"id":360,"href":"https:\/\/body4soul.de\/index.php\/wp-json\/wp\/v2\/pages\/114\/revisions\/360"}],"wp:attachment":[{"href":"https:\/\/body4soul.de\/index.php\/wp-json\/wp\/v2\/media?parent=114"}],"curies":[{"name":"wp","href":"https:\/\/api.w.org\/{rel}","templated":true}]}}