{"id":122,"date":"2019-11-15T16:10:13","date_gmt":"2019-11-15T15:10:13","guid":{"rendered":"https:\/\/body4soul.de\/?page_id=122"},"modified":"2025-01-01T21:42:27","modified_gmt":"2025-01-01T20:42:27","slug":"ernaehrungsberatung-landau","status":"publish","type":"page","link":"https:\/\/body4soul.de\/index.php\/ernaehrungsberatung-landau\/","title":{"rendered":"Ern\u00e4hrungsberatung"},"content":{"rendered":"<p><strong><em>Auf den Typ kommt es an!<\/em><\/strong><\/p>\n<p>Die Hinweise und Empfehlungen die der Ayurveda f\u00fcr das t\u00e4gliche Leben in <strong>Gesundheit und Harmonie<\/strong> bereit h\u00e4lt , sind \u00e4u\u00dferst praxistauglich und lassen sich leicht ins eigene Leben integrieren.<\/p>\n<p>Dieses Wissen ist f\u00fcr jeden Menschen leicht und praktisch anwendbar. Schon mit kleinen Ver\u00e4nderungen kann man eine Menge tun, um <strong>Gesundheit und Wohlbefinden<\/strong> zu unterst\u00fctzen.<\/p>\n<p>Je nach pers\u00f6nlichen M\u00f6glichkeiten, Vorlieben und vorherrschender Konstitution oder Einfl\u00fcssen k\u00f6nnen Sie ihr \u201eindividuelles Programm\u201c anwenden und t\u00e4glich etwas f\u00fcr Ihre Gesundheit und Sch\u00f6nheit tun.<\/p>\n<p>Kernst\u00fcck des Ayurveda ist die Unterscheidung der drei <strong>Doshas<\/strong><\/p>\n<ul>\n<li><strong>Vata (Luft-Typ)<\/strong><\/li>\n<li><strong>Pita (Feuer-Typ)<\/strong><\/li>\n<li><strong>Kapha (Erd-Typ)<\/strong><\/li>\n<\/ul>\n<p>Was kann ich von meiner pers\u00f6nlichen Ern\u00e4hrungsberatung erwarten?<\/p>\n<p><strong>Dosha-Bestimmung<\/strong><\/p>\n<p>Basierend auf einer genauen Diagnostik des Gesichts, Puls, Zunge, Haut und umfangreicher Befragung werde ich ihr Dosha bestimmen.<\/p>\n<p><strong>Individuelles Programm<\/strong><\/p>\n<p>Ich erstelle Ihnen anhand Ihres Doshas ein individuelles Programm, wodurch Sie in der Lage sind sich typgerecht zu ern\u00e4hren und Ihren pers\u00f6nlichen Alltag, unter Ber\u00fccksichtigung Ihrer beruflichen und famili\u00e4ren Situation, so zu gestalten, das Sie gesund bleiben oder bei aktueller Erkrankung die Heilung f\u00f6rdern.<\/p>\n<p>Erfahren Sie selbst die positiven Auswirkungen dieser zeitlosen Wissenschaft und buchen Sie einen Termin zur individuellen Bestimmung ihres Doshas <a href=\"https:\/\/body4soulld.simplybook.it\">online<\/a> oder per <a href=\"mailto:info@body-and-soul.me\" target=\"_blank\" rel=\"noopener noreferrer\"><strong>E-Mail<\/strong><\/a>.<\/p>\n","protected":false},"excerpt":{"rendered":"<p>Auf den Typ kommt es an! Die Hinweise und Empfehlungen die der Ayurveda f\u00fcr das t\u00e4gliche Leben in Gesundheit und Harmonie bereit h\u00e4lt , sind \u00e4u\u00dferst praxistauglich und lassen sich leicht ins eigene Leben integrieren. Dieses Wissen ist f\u00fcr jeden Menschen leicht und praktisch anwendbar. Schon mit kleinen Ver\u00e4nderungen kann man eine Menge tun, um [&hellip;]<\/p>\n","protected":false},"author":1,"featured_media":0,"parent":0,"menu_order":0,"comment_status":"closed","ping_status":"closed","template":"","meta":{"footnotes":"","_links_to":"","_links_to_target":""},"class_list":["post-122","page","type-page","status-publish","hentry"],"yoast_head":"<!-- This site is optimized with the Yoast SEO plugin v27.4 - https:\/\/yoast.com\/product\/yoast-seo-wordpress\/ -->\n<title>Ern\u00e4hrungsberatung - Body &amp; Soul<\/title>\n<meta name=\"robots\" content=\"index, follow, max-snippet:-1, max-image-preview:large, max-video-preview:-1\" \/>\n<link rel=\"canonical\" href=\"https:\/\/body4soul.de\/index.php\/ernaehrungsberatung-landau\/\" \/>\n<meta property=\"og:locale\" content=\"de_DE\" \/>\n<meta property=\"og:type\" content=\"article\" \/>\n<meta property=\"og:title\" content=\"Ern\u00e4hrungsberatung - Body &amp; Soul\" \/>\n<meta property=\"og:description\" content=\"Auf den Typ kommt es an! Die Hinweise und Empfehlungen die der Ayurveda f\u00fcr das t\u00e4gliche Leben in Gesundheit und Harmonie bereit h\u00e4lt , sind \u00e4u\u00dferst praxistauglich und lassen sich leicht ins eigene Leben integrieren. Dieses Wissen ist f\u00fcr jeden Menschen leicht und praktisch anwendbar. Schon mit kleinen Ver\u00e4nderungen kann man eine Menge tun, um [&hellip;]\" \/>\n<meta property=\"og:url\" content=\"https:\/\/body4soul.de\/index.php\/ernaehrungsberatung-landau\/\" \/>\n<meta property=\"og:site_name\" content=\"Body &amp; Soul\" \/>\n<meta property=\"article:publisher\" content=\"https:\/\/www.facebook.com\/Yamuna.Mohl.Yoga\" \/>\n<meta property=\"article:modified_time\" content=\"2025-01-01T20:42:27+00:00\" \/>\n<meta name=\"twitter:card\" content=\"summary_large_image\" \/>\n<meta name=\"twitter:label1\" content=\"Gesch\u00e4tzte Lesezeit\" \/>\n\t<meta name=\"twitter:data1\" content=\"2\u00a0Minuten\" \/>\n<script type=\"application\/ld+json\" class=\"yoast-schema-graph\">{\"@context\":\"https:\\\/\\\/schema.org\",\"@graph\":[{\"@type\":\"WebPage\",\"@id\":\"https:\\\/\\\/body4soul.de\\\/index.php\\\/ernaehrungsberatung-landau\\\/\",\"url\":\"https:\\\/\\\/body4soul.de\\\/index.php\\\/ernaehrungsberatung-landau\\\/\",\"name\":\"Ern\u00e4hrungsberatung - Body &amp; Soul\",\"isPartOf\":{\"@id\":\"https:\\\/\\\/body4soul.de\\\/#website\"},\"datePublished\":\"2019-11-15T15:10:13+00:00\",\"dateModified\":\"2025-01-01T20:42:27+00:00\",\"breadcrumb\":{\"@id\":\"https:\\\/\\\/body4soul.de\\\/index.php\\\/ernaehrungsberatung-landau\\\/#breadcrumb\"},\"inLanguage\":\"de\",\"potentialAction\":[{\"@type\":\"ReadAction\",\"target\":[\"https:\\\/\\\/body4soul.de\\\/index.php\\\/ernaehrungsberatung-landau\\\/\"]}]},{\"@type\":\"BreadcrumbList\",\"@id\":\"https:\\\/\\\/body4soul.de\\\/index.php\\\/ernaehrungsberatung-landau\\\/#breadcrumb\",\"itemListElement\":[{\"@type\":\"ListItem\",\"position\":1,\"name\":\"Startseite\",\"item\":\"https:\\\/\\\/body4soul.de\\\/\"},{\"@type\":\"ListItem\",\"position\":2,\"name\":\"Ern\u00e4hrungsberatung\"}]},{\"@type\":\"WebSite\",\"@id\":\"https:\\\/\\\/body4soul.de\\\/#website\",\"url\":\"https:\\\/\\\/body4soul.de\\\/\",\"name\":\"Body &amp; Soul\",\"description\":\"Yoga - Entspannung - Ayurveda - Nordic Walking\",\"publisher\":{\"@id\":\"https:\\\/\\\/body4soul.de\\\/#organization\"},\"potentialAction\":[{\"@type\":\"SearchAction\",\"target\":{\"@type\":\"EntryPoint\",\"urlTemplate\":\"https:\\\/\\\/body4soul.de\\\/?s={search_term_string}\"},\"query-input\":{\"@type\":\"PropertyValueSpecification\",\"valueRequired\":true,\"valueName\":\"search_term_string\"}}],\"inLanguage\":\"de\"},{\"@type\":\"Organization\",\"@id\":\"https:\\\/\\\/body4soul.de\\\/#organization\",\"name\":\"Body & Soul\",\"url\":\"https:\\\/\\\/body4soul.de\\\/\",\"logo\":{\"@type\":\"ImageObject\",\"inLanguage\":\"de\",\"@id\":\"https:\\\/\\\/body4soul.de\\\/#\\\/schema\\\/logo\\\/image\\\/\",\"url\":\"https:\\\/\\\/body4soul.de\\\/wp-content\\\/uploads\\\/2019\\\/11\\\/cropped-image001-1.jpg\",\"contentUrl\":\"https:\\\/\\\/body4soul.de\\\/wp-content\\\/uploads\\\/2019\\\/11\\\/cropped-image001-1.jpg\",\"width\":512,\"height\":512,\"caption\":\"Body & Soul\"},\"image\":{\"@id\":\"https:\\\/\\\/body4soul.de\\\/#\\\/schema\\\/logo\\\/image\\\/\"},\"sameAs\":[\"https:\\\/\\\/www.facebook.com\\\/Yamuna.Mohl.Yoga\",\"https:\\\/\\\/www.instagram.com\\\/bodyandsoul_landau\\\/\"]}]}<\/script>\n<!-- \/ Yoast SEO plugin. -->","yoast_head_json":{"title":"Ern\u00e4hrungsberatung - Body &amp; Soul","robots":{"index":"index","follow":"follow","max-snippet":"max-snippet:-1","max-image-preview":"max-image-preview:large","max-video-preview":"max-video-preview:-1"},"canonical":"https:\/\/body4soul.de\/index.php\/ernaehrungsberatung-landau\/","og_locale":"de_DE","og_type":"article","og_title":"Ern\u00e4hrungsberatung - Body &amp; Soul","og_description":"Auf den Typ kommt es an! Die Hinweise und Empfehlungen die der Ayurveda f\u00fcr das t\u00e4gliche Leben in Gesundheit und Harmonie bereit h\u00e4lt , sind \u00e4u\u00dferst praxistauglich und lassen sich leicht ins eigene Leben integrieren. Dieses Wissen ist f\u00fcr jeden Menschen leicht und praktisch anwendbar. Schon mit kleinen Ver\u00e4nderungen kann man eine Menge tun, um [&hellip;]","og_url":"https:\/\/body4soul.de\/index.php\/ernaehrungsberatung-landau\/","og_site_name":"Body &amp; Soul","article_publisher":"https:\/\/www.facebook.com\/Yamuna.Mohl.Yoga","article_modified_time":"2025-01-01T20:42:27+00:00","twitter_card":"summary_large_image","twitter_misc":{"Gesch\u00e4tzte Lesezeit":"2\u00a0Minuten"},"schema":{"@context":"https:\/\/schema.org","@graph":[{"@type":"WebPage","@id":"https:\/\/body4soul.de\/index.php\/ernaehrungsberatung-landau\/","url":"https:\/\/body4soul.de\/index.php\/ernaehrungsberatung-landau\/","name":"Ern\u00e4hrungsberatung - Body &amp; Soul","isPartOf":{"@id":"https:\/\/body4soul.de\/#website"},"datePublished":"2019-11-15T15:10:13+00:00","dateModified":"2025-01-01T20:42:27+00:00","breadcrumb":{"@id":"https:\/\/body4soul.de\/index.php\/ernaehrungsberatung-landau\/#breadcrumb"},"inLanguage":"de","potentialAction":[{"@type":"ReadAction","target":["https:\/\/body4soul.de\/index.php\/ernaehrungsberatung-landau\/"]}]},{"@type":"BreadcrumbList","@id":"https:\/\/body4soul.de\/index.php\/ernaehrungsberatung-landau\/#breadcrumb","itemListElement":[{"@type":"ListItem","position":1,"name":"Startseite","item":"https:\/\/body4soul.de\/"},{"@type":"ListItem","position":2,"name":"Ern\u00e4hrungsberatung"}]},{"@type":"WebSite","@id":"https:\/\/body4soul.de\/#website","url":"https:\/\/body4soul.de\/","name":"Body &amp; Soul","description":"Yoga - Entspannung - Ayurveda - Nordic Walking","publisher":{"@id":"https:\/\/body4soul.de\/#organization"},"potentialAction":[{"@type":"SearchAction","target":{"@type":"EntryPoint","urlTemplate":"https:\/\/body4soul.de\/?s={search_term_string}"},"query-input":{"@type":"PropertyValueSpecification","valueRequired":true,"valueName":"search_term_string"}}],"inLanguage":"de"},{"@type":"Organization","@id":"https:\/\/body4soul.de\/#organization","name":"Body & Soul","url":"https:\/\/body4soul.de\/","logo":{"@type":"ImageObject","inLanguage":"de","@id":"https:\/\/body4soul.de\/#\/schema\/logo\/image\/","url":"https:\/\/body4soul.de\/wp-content\/uploads\/2019\/11\/cropped-image001-1.jpg","contentUrl":"https:\/\/body4soul.de\/wp-content\/uploads\/2019\/11\/cropped-image001-1.jpg","width":512,"height":512,"caption":"Body & Soul"},"image":{"@id":"https:\/\/body4soul.de\/#\/schema\/logo\/image\/"},"sameAs":["https:\/\/www.facebook.com\/Yamuna.Mohl.Yoga","https:\/\/www.instagram.com\/bodyandsoul_landau\/"]}]}},"_links":{"self":[{"href":"https:\/\/body4soul.de\/index.php\/wp-json\/wp\/v2\/pages\/122","targetHints":{"allow":["GET"]}}],"collection":[{"href":"https:\/\/body4soul.de\/index.php\/wp-json\/wp\/v2\/pages"}],"about":[{"href":"https:\/\/body4soul.de\/index.php\/wp-json\/wp\/v2\/types\/page"}],"author":[{"embeddable":true,"href":"https:\/\/body4soul.de\/index.php\/wp-json\/wp\/v2\/users\/1"}],"replies":[{"embeddable":true,"href":"https:\/\/body4soul.de\/index.php\/wp-json\/wp\/v2\/comments?post=122"}],"version-history":[{"count":6,"href":"https:\/\/body4soul.de\/index.php\/wp-json\/wp\/v2\/pages\/122\/revisions"}],"predecessor-version":[{"id":774,"href":"https:\/\/body4soul.de\/index.php\/wp-json\/wp\/v2\/pages\/122\/revisions\/774"}],"wp:attachment":[{"href":"https:\/\/body4soul.de\/index.php\/wp-json\/wp\/v2\/media?parent=122"}],"curies":[{"name":"wp","href":"https:\/\/api.w.org\/{rel}","templated":true}]}}