{"id":170,"date":"2019-11-19T17:52:59","date_gmt":"2019-11-19T16:52:59","guid":{"rendered":"https:\/\/body4soul.de\/?page_id=170"},"modified":"2019-11-26T21:50:52","modified_gmt":"2019-11-26T20:50:52","slug":"kontakt-impressum","status":"publish","type":"page","link":"https:\/\/body4soul.de\/index.php\/kontakt-impressum\/","title":{"rendered":"IMPRESSUM"},"content":{"rendered":"<p><strong>Impressum<\/strong><\/p>\n<p><strong>Angaben gem\u00e4\u00df \u00a7 5 TMG<\/strong><\/p>\n<p>Yamuna Birgit Mohl<br \/>\nAlois-Kraemer-Str. 9<br \/>\n76829 Landau\/Pfalz<\/p>\n<p><strong>Kontakt<\/strong><br \/>\nTelefon: +49 6341 630 360<br \/>\nTelefax: +49 6341 347 0589<br \/>\nE-Mail: info[at]body-and-soul.me<\/p>\n<p><strong>Haftung f\u00fcr Inhalte<\/strong><br \/>\nAls Diensteanbieter sind wir gem\u00e4\u00df \u00a7 7 Abs.1 TMG f\u00fcr eigene Inhalte auf diesen Seiten nach den<br \/>\nallgemeinen Gesetzen verantwortlich. Nach \u00a7\u00a7 8 bis 10 TMG sind wir als Diensteanbieter jedoch nicht<br \/>\nverpflichtet, \u00fcbermittelte oder gespeicherte fremde Informationen zu \u00fcberwachen oder nach Umst\u00e4nden zu<br \/>\nforschen, die auf eine rechtswidrige T\u00e4tigkeit hinweisen.<br \/>\nVerpflichtungen zur Entfernung oder Sperrung der Nutzung von Informationen nach den allgemeinen<br \/>\nGesetzen bleiben hiervon unber\u00fchrt. Eine diesbez\u00fcgliche Haftung ist jedoch erst ab dem Zeitpunkt der<br \/>\nKenntnis einer konkreten Rechtsverletzung m\u00f6glich. Bei Bekanntwerden von entsprechenden<br \/>\nRechtsverletzungen werden wir diese Inhalte umgehend entfernen.<\/p>\n<p><strong>Haftung f\u00fcr Links<\/strong><br \/>\nUnser Angebot enth\u00e4lt Links zu externen Websites Dritter, auf deren Inhalte wir keinen Einfluss haben.<br \/>\nDeshalb k\u00f6nnen wir f\u00fcr diese fremden Inhalte auch keine Gew\u00e4hr \u00fcbernehmen. F\u00fcr die Inhalte der<br \/>\nverlinkten Seiten ist stets der jeweilige Anbieter oder Betreiber der Seiten verantwortlich. Die verlinkten<br \/>\nSeiten wurden zum Zeitpunkt der Verlinkung auf m\u00f6gliche Rechtsverst\u00f6\u00dfe \u00fcberpr\u00fcft. Rechtswidrige Inhalte<br \/>\nwaren zum Zeitpunkt der Verlinkung nicht erkennbar.<br \/>\nEine permanente inhaltliche Kontrolle der verlinkten Seiten ist jedoch ohne konkrete Anhaltspunkte einer<br \/>\nRechtsverletzung nicht zumutbar. Bei Bekanntwerden von Rechtsverletzungen werden wir derartige Links<br \/>\numgehend entfernen.<\/p>\n<p><strong>Urheberrecht<\/strong><br \/>\nDie durch die Seitenbetreiber erstellten Inhalte und Werke auf diesen Seiten unterliegen dem deutschen<br \/>\nUrheberrecht. Die Vervielf\u00e4ltigung, Bearbeitung, Verbreitung und jede Art der Verwertung au\u00dferhalb der<br \/>\nGrenzen des Urheberrechtes bed\u00fcrfen der schriftlichen Zustimmung des jeweiligen Autors bzw. Erstellers.<br \/>\nDownloads und Kopien dieser Seite sind nur f\u00fcr den privaten, nicht kommerziellen Gebrauch gestattet.<br \/>\nSoweit die Inhalte auf dieser Seite nicht vom Betreiber erstellt wurden, werden die Urheberrechte Dritter<br \/>\nbeachtet. Insbesondere werden Inhalte Dritter als solche gekennzeichnet. Sollten Sie trotzdem auf eine<br \/>\nUrheberrechtsverletzung aufmerksam werden, bitten wir um einen entsprechenden Hinweis. Bei<br \/>\nBekanntwerden von Rechtsverletzungen werden wir derartige Inhalte umgehend entfernen.<\/p>\n<p>Quelle:<br \/>\neRecht24<\/p>\n","protected":false},"excerpt":{"rendered":"<p>Impressum Angaben gem\u00e4\u00df \u00a7 5 TMG Yamuna Birgit Mohl Alois-Kraemer-Str. 9 76829 Landau\/Pfalz Kontakt Telefon: +49 6341 630 360 Telefax: +49 6341 347 0589 E-Mail: info[at]body-and-soul.me Haftung f\u00fcr Inhalte Als Diensteanbieter sind wir gem\u00e4\u00df \u00a7 7 Abs.1 TMG f\u00fcr eigene Inhalte auf diesen Seiten nach den allgemeinen Gesetzen verantwortlich. Nach \u00a7\u00a7 8 bis 10 TMG [&hellip;]<\/p>\n","protected":false},"author":1,"featured_media":0,"parent":0,"menu_order":0,"comment_status":"closed","ping_status":"closed","template":"","meta":{"footnotes":"","_links_to":"","_links_to_target":""},"class_list":["post-170","page","type-page","status-publish","hentry"],"yoast_head":"<!-- This site is optimized with the Yoast SEO plugin v27.5 - https:\/\/yoast.com\/product\/yoast-seo-wordpress\/ -->\n<title>IMPRESSUM - Body &amp; Soul<\/title>\n<meta name=\"robots\" content=\"index, follow, max-snippet:-1, max-image-preview:large, max-video-preview:-1\" \/>\n<link rel=\"canonical\" href=\"https:\/\/body4soul.de\/index.php\/kontakt-impressum\/\" \/>\n<meta property=\"og:locale\" content=\"de_DE\" \/>\n<meta property=\"og:type\" content=\"article\" \/>\n<meta property=\"og:title\" content=\"IMPRESSUM - Body &amp; Soul\" \/>\n<meta property=\"og:description\" content=\"Impressum Angaben gem\u00e4\u00df \u00a7 5 TMG Yamuna Birgit Mohl Alois-Kraemer-Str. 9 76829 Landau\/Pfalz Kontakt Telefon: +49 6341 630 360 Telefax: +49 6341 347 0589 E-Mail: info[at]body-and-soul.me Haftung f\u00fcr Inhalte Als Diensteanbieter sind wir gem\u00e4\u00df \u00a7 7 Abs.1 TMG f\u00fcr eigene Inhalte auf diesen Seiten nach den allgemeinen Gesetzen verantwortlich. Nach \u00a7\u00a7 8 bis 10 TMG [&hellip;]\" \/>\n<meta property=\"og:url\" content=\"https:\/\/body4soul.de\/index.php\/kontakt-impressum\/\" \/>\n<meta property=\"og:site_name\" content=\"Body &amp; Soul\" \/>\n<meta property=\"article:publisher\" content=\"https:\/\/www.facebook.com\/Yamuna.Mohl.Yoga\" \/>\n<meta property=\"article:modified_time\" content=\"2019-11-26T20:50:52+00:00\" \/>\n<meta name=\"twitter:card\" content=\"summary_large_image\" \/>\n<meta name=\"twitter:label1\" content=\"Gesch\u00e4tzte Lesezeit\" \/>\n\t<meta name=\"twitter:data1\" content=\"2\u00a0Minuten\" \/>\n<script type=\"application\/ld+json\" class=\"yoast-schema-graph\">{\"@context\":\"https:\\\/\\\/schema.org\",\"@graph\":[{\"@type\":\"WebPage\",\"@id\":\"https:\\\/\\\/body4soul.de\\\/index.php\\\/kontakt-impressum\\\/\",\"url\":\"https:\\\/\\\/body4soul.de\\\/index.php\\\/kontakt-impressum\\\/\",\"name\":\"IMPRESSUM - Body &amp; Soul\",\"isPartOf\":{\"@id\":\"https:\\\/\\\/body4soul.de\\\/#website\"},\"datePublished\":\"2019-11-19T16:52:59+00:00\",\"dateModified\":\"2019-11-26T20:50:52+00:00\",\"breadcrumb\":{\"@id\":\"https:\\\/\\\/body4soul.de\\\/index.php\\\/kontakt-impressum\\\/#breadcrumb\"},\"inLanguage\":\"de\",\"potentialAction\":[{\"@type\":\"ReadAction\",\"target\":[\"https:\\\/\\\/body4soul.de\\\/index.php\\\/kontakt-impressum\\\/\"]}]},{\"@type\":\"BreadcrumbList\",\"@id\":\"https:\\\/\\\/body4soul.de\\\/index.php\\\/kontakt-impressum\\\/#breadcrumb\",\"itemListElement\":[{\"@type\":\"ListItem\",\"position\":1,\"name\":\"Startseite\",\"item\":\"https:\\\/\\\/body4soul.de\\\/\"},{\"@type\":\"ListItem\",\"position\":2,\"name\":\"IMPRESSUM\"}]},{\"@type\":\"WebSite\",\"@id\":\"https:\\\/\\\/body4soul.de\\\/#website\",\"url\":\"https:\\\/\\\/body4soul.de\\\/\",\"name\":\"Body &amp; Soul\",\"description\":\"Yoga - Entspannung - Ayurveda - Nordic Walking\",\"publisher\":{\"@id\":\"https:\\\/\\\/body4soul.de\\\/#organization\"},\"potentialAction\":[{\"@type\":\"SearchAction\",\"target\":{\"@type\":\"EntryPoint\",\"urlTemplate\":\"https:\\\/\\\/body4soul.de\\\/?s={search_term_string}\"},\"query-input\":{\"@type\":\"PropertyValueSpecification\",\"valueRequired\":true,\"valueName\":\"search_term_string\"}}],\"inLanguage\":\"de\"},{\"@type\":\"Organization\",\"@id\":\"https:\\\/\\\/body4soul.de\\\/#organization\",\"name\":\"Body & Soul\",\"url\":\"https:\\\/\\\/body4soul.de\\\/\",\"logo\":{\"@type\":\"ImageObject\",\"inLanguage\":\"de\",\"@id\":\"https:\\\/\\\/body4soul.de\\\/#\\\/schema\\\/logo\\\/image\\\/\",\"url\":\"https:\\\/\\\/body4soul.de\\\/wp-content\\\/uploads\\\/2019\\\/11\\\/cropped-image001-1.jpg\",\"contentUrl\":\"https:\\\/\\\/body4soul.de\\\/wp-content\\\/uploads\\\/2019\\\/11\\\/cropped-image001-1.jpg\",\"width\":512,\"height\":512,\"caption\":\"Body & Soul\"},\"image\":{\"@id\":\"https:\\\/\\\/body4soul.de\\\/#\\\/schema\\\/logo\\\/image\\\/\"},\"sameAs\":[\"https:\\\/\\\/www.facebook.com\\\/Yamuna.Mohl.Yoga\",\"https:\\\/\\\/www.instagram.com\\\/bodyandsoul_landau\\\/\"]}]}<\/script>\n<!-- \/ Yoast SEO plugin. -->","yoast_head_json":{"title":"IMPRESSUM - Body &amp; Soul","robots":{"index":"index","follow":"follow","max-snippet":"max-snippet:-1","max-image-preview":"max-image-preview:large","max-video-preview":"max-video-preview:-1"},"canonical":"https:\/\/body4soul.de\/index.php\/kontakt-impressum\/","og_locale":"de_DE","og_type":"article","og_title":"IMPRESSUM - Body &amp; Soul","og_description":"Impressum Angaben gem\u00e4\u00df \u00a7 5 TMG Yamuna Birgit Mohl Alois-Kraemer-Str. 9 76829 Landau\/Pfalz Kontakt Telefon: +49 6341 630 360 Telefax: +49 6341 347 0589 E-Mail: info[at]body-and-soul.me Haftung f\u00fcr Inhalte Als Diensteanbieter sind wir gem\u00e4\u00df \u00a7 7 Abs.1 TMG f\u00fcr eigene Inhalte auf diesen Seiten nach den allgemeinen Gesetzen verantwortlich. Nach \u00a7\u00a7 8 bis 10 TMG [&hellip;]","og_url":"https:\/\/body4soul.de\/index.php\/kontakt-impressum\/","og_site_name":"Body &amp; Soul","article_publisher":"https:\/\/www.facebook.com\/Yamuna.Mohl.Yoga","article_modified_time":"2019-11-26T20:50:52+00:00","twitter_card":"summary_large_image","twitter_misc":{"Gesch\u00e4tzte Lesezeit":"2\u00a0Minuten"},"schema":{"@context":"https:\/\/schema.org","@graph":[{"@type":"WebPage","@id":"https:\/\/body4soul.de\/index.php\/kontakt-impressum\/","url":"https:\/\/body4soul.de\/index.php\/kontakt-impressum\/","name":"IMPRESSUM - Body &amp; Soul","isPartOf":{"@id":"https:\/\/body4soul.de\/#website"},"datePublished":"2019-11-19T16:52:59+00:00","dateModified":"2019-11-26T20:50:52+00:00","breadcrumb":{"@id":"https:\/\/body4soul.de\/index.php\/kontakt-impressum\/#breadcrumb"},"inLanguage":"de","potentialAction":[{"@type":"ReadAction","target":["https:\/\/body4soul.de\/index.php\/kontakt-impressum\/"]}]},{"@type":"BreadcrumbList","@id":"https:\/\/body4soul.de\/index.php\/kontakt-impressum\/#breadcrumb","itemListElement":[{"@type":"ListItem","position":1,"name":"Startseite","item":"https:\/\/body4soul.de\/"},{"@type":"ListItem","position":2,"name":"IMPRESSUM"}]},{"@type":"WebSite","@id":"https:\/\/body4soul.de\/#website","url":"https:\/\/body4soul.de\/","name":"Body &amp; Soul","description":"Yoga - Entspannung - Ayurveda - Nordic Walking","publisher":{"@id":"https:\/\/body4soul.de\/#organization"},"potentialAction":[{"@type":"SearchAction","target":{"@type":"EntryPoint","urlTemplate":"https:\/\/body4soul.de\/?s={search_term_string}"},"query-input":{"@type":"PropertyValueSpecification","valueRequired":true,"valueName":"search_term_string"}}],"inLanguage":"de"},{"@type":"Organization","@id":"https:\/\/body4soul.de\/#organization","name":"Body & Soul","url":"https:\/\/body4soul.de\/","logo":{"@type":"ImageObject","inLanguage":"de","@id":"https:\/\/body4soul.de\/#\/schema\/logo\/image\/","url":"https:\/\/body4soul.de\/wp-content\/uploads\/2019\/11\/cropped-image001-1.jpg","contentUrl":"https:\/\/body4soul.de\/wp-content\/uploads\/2019\/11\/cropped-image001-1.jpg","width":512,"height":512,"caption":"Body & Soul"},"image":{"@id":"https:\/\/body4soul.de\/#\/schema\/logo\/image\/"},"sameAs":["https:\/\/www.facebook.com\/Yamuna.Mohl.Yoga","https:\/\/www.instagram.com\/bodyandsoul_landau\/"]}]}},"_links":{"self":[{"href":"https:\/\/body4soul.de\/index.php\/wp-json\/wp\/v2\/pages\/170","targetHints":{"allow":["GET"]}}],"collection":[{"href":"https:\/\/body4soul.de\/index.php\/wp-json\/wp\/v2\/pages"}],"about":[{"href":"https:\/\/body4soul.de\/index.php\/wp-json\/wp\/v2\/types\/page"}],"author":[{"embeddable":true,"href":"https:\/\/body4soul.de\/index.php\/wp-json\/wp\/v2\/users\/1"}],"replies":[{"embeddable":true,"href":"https:\/\/body4soul.de\/index.php\/wp-json\/wp\/v2\/comments?post=170"}],"version-history":[{"count":7,"href":"https:\/\/body4soul.de\/index.php\/wp-json\/wp\/v2\/pages\/170\/revisions"}],"predecessor-version":[{"id":262,"href":"https:\/\/body4soul.de\/index.php\/wp-json\/wp\/v2\/pages\/170\/revisions\/262"}],"wp:attachment":[{"href":"https:\/\/body4soul.de\/index.php\/wp-json\/wp\/v2\/media?parent=170"}],"curies":[{"name":"wp","href":"https:\/\/api.w.org\/{rel}","templated":true}]}}