{"id":213,"date":"2019-11-26T14:20:44","date_gmt":"2019-11-26T13:20:44","guid":{"rendered":"https:\/\/body4soul.de\/?page_id=213"},"modified":"2022-08-23T11:54:22","modified_gmt":"2022-08-23T09:54:22","slug":"body-soul-landau-yoga-ayurveda-nordic-walking","status":"publish","type":"page","link":"https:\/\/body4soul.de\/","title":{"rendered":"HERZLICH WILLKOMMEN"},"content":{"rendered":"<h4>Herzlich Willkommen bei Body &amp; Soul, Landau. Wir bieten ein vielf\u00e4ltiges und pers\u00f6nliches Angebot von Yoga \u00fcber Aerial Yoga, Ayurvedischen Beratungen und Behandlungen bis hin zu Nordic-Walking Kursen. Schau vorbei und finde das Passende f\u00fcr dich.<\/h4>\n<p>&nbsp;<\/p>\n<div id='gallery-1' class='gallery galleryid-213 gallery-columns-3 gallery-size-thumbnail'><figure class='gallery-item'>\n\t\t\t<div class='gallery-icon landscape'>\n\t\t\t\t<a href='https:\/\/body4soul.de\/index.php\/yoga\/'><img loading=\"lazy\" decoding=\"async\" width=\"150\" height=\"150\" src=\"https:\/\/body4soul.de\/wp-content\/uploads\/2019\/11\/YOGA-150x150.jpg\" class=\"attachment-thumbnail size-thumbnail\" alt=\"\" srcset=\"https:\/\/body4soul.de\/wp-content\/uploads\/2019\/11\/YOGA-e1575289580780.jpg 150w, https:\/\/body4soul.de\/wp-content\/uploads\/2019\/11\/YOGA-300x300.jpg 300w\" sizes=\"auto, (max-width: 150px) 100vw, 150px\" \/><\/a>\n\t\t\t<\/div><\/figure><figure class='gallery-item'>\n\t\t\t<div class='gallery-icon landscape'>\n\t\t\t\t<a href='https:\/\/body4soul.de\/index.php\/aerial-yoga\/'><img loading=\"lazy\" decoding=\"async\" width=\"150\" height=\"150\" src=\"https:\/\/body4soul.de\/wp-content\/uploads\/2019\/12\/AERIAL-YOGA-Quadrat-150x150.jpg\" class=\"attachment-thumbnail size-thumbnail\" alt=\"\" srcset=\"https:\/\/body4soul.de\/wp-content\/uploads\/2019\/12\/AERIAL-YOGA-Quadrat-e1575289600576.jpg 150w, https:\/\/body4soul.de\/wp-content\/uploads\/2019\/12\/AERIAL-YOGA-Quadrat-300x300.jpg 300w\" sizes=\"auto, (max-width: 150px) 100vw, 150px\" \/><\/a>\n\t\t\t<\/div><\/figure><figure class='gallery-item'>\n\t\t\t<div class='gallery-icon landscape'>\n\t\t\t\t<a href='https:\/\/body4soul.de\/index.php\/kinderyoga\/'><img loading=\"lazy\" decoding=\"async\" width=\"150\" height=\"150\" src=\"https:\/\/body4soul.de\/wp-content\/uploads\/2019\/12\/KINDERYOGA-Quadrat-150x150.jpg\" class=\"attachment-thumbnail size-thumbnail\" alt=\"\" srcset=\"https:\/\/body4soul.de\/wp-content\/uploads\/2019\/12\/KINDERYOGA-Quadrat-e1575289562251.jpg 150w, https:\/\/body4soul.de\/wp-content\/uploads\/2019\/12\/KINDERYOGA-Quadrat-300x300.jpg 300w\" sizes=\"auto, (max-width: 150px) 100vw, 150px\" \/><\/a>\n\t\t\t<\/div><\/figure><figure class='gallery-item'>\n\t\t\t<div class='gallery-icon landscape'>\n\t\t\t\t<a href='https:\/\/body4soul.de\/index.php\/ayurveda\/'><img loading=\"lazy\" decoding=\"async\" width=\"150\" height=\"150\" src=\"https:\/\/body4soul.de\/wp-content\/uploads\/2019\/12\/AYURVEDA-Quadrat-150x150.jpg\" class=\"attachment-thumbnail size-thumbnail\" alt=\"\" srcset=\"https:\/\/body4soul.de\/wp-content\/uploads\/2019\/12\/AYURVEDA-Quadrat-e1575289430701.jpg 150w, https:\/\/body4soul.de\/wp-content\/uploads\/2019\/12\/AYURVEDA-Quadrat-300x300.jpg 300w\" sizes=\"auto, (max-width: 150px) 100vw, 150px\" \/><\/a>\n\t\t\t<\/div><\/figure><figure class='gallery-item'>\n\t\t\t<div class='gallery-icon landscape'>\n\t\t\t\t<a href='https:\/\/body4soul.de\/index.php\/nordic-walking\/'><img loading=\"lazy\" decoding=\"async\" width=\"150\" height=\"150\" src=\"https:\/\/body4soul.de\/wp-content\/uploads\/2019\/12\/NORDIC-WALKING-Quadrat-150x150.jpg\" class=\"attachment-thumbnail size-thumbnail\" alt=\"\" srcset=\"https:\/\/body4soul.de\/wp-content\/uploads\/2019\/12\/NORDIC-WALKING-Quadrat-e1575289486475.jpg 150w, https:\/\/body4soul.de\/wp-content\/uploads\/2019\/12\/NORDIC-WALKING-Quadrat-300x300.jpg 300w\" sizes=\"auto, (max-width: 150px) 100vw, 150px\" \/><\/a>\n\t\t\t<\/div><\/figure><figure class='gallery-item'>\n\t\t\t<div class='gallery-icon landscape'>\n\t\t\t\t<a href='https:\/\/body4soul.de\/index.php\/auszeiten-workshops\/'><img loading=\"lazy\" decoding=\"async\" width=\"150\" height=\"150\" src=\"https:\/\/body4soul.de\/wp-content\/uploads\/2019\/12\/AUSZEITEN-WORKSHOPS-Quadrat-150x150.jpg\" class=\"attachment-thumbnail size-thumbnail\" alt=\"\" srcset=\"https:\/\/body4soul.de\/wp-content\/uploads\/2019\/12\/AUSZEITEN-WORKSHOPS-Quadrat-e1575289504885.jpg 150w, https:\/\/body4soul.de\/wp-content\/uploads\/2019\/12\/AUSZEITEN-WORKSHOPS-Quadrat-300x300.jpg 300w\" sizes=\"auto, (max-width: 150px) 100vw, 150px\" \/><\/a>\n\t\t\t<\/div><\/figure>\n\t\t<\/div>\n\n<p>&nbsp;<\/p>\n","protected":false},"excerpt":{"rendered":"<p>Herzlich Willkommen bei Body &amp; Soul, Landau. Wir bieten ein vielf\u00e4ltiges und pers\u00f6nliches Angebot von Yoga \u00fcber Aerial Yoga, Ayurvedischen Beratungen und Behandlungen bis hin zu Nordic-Walking Kursen. Schau vorbei und finde das Passende f\u00fcr dich. &nbsp; &nbsp;<\/p>\n","protected":false},"author":1,"featured_media":0,"parent":0,"menu_order":0,"comment_status":"closed","ping_status":"closed","template":"templates\/fullwidth.php","meta":{"footnotes":"","_links_to":"","_links_to_target":""},"class_list":["post-213","page","type-page","status-publish","hentry"],"yoast_head":"<!-- This site is optimized with the Yoast SEO plugin v27.5 - https:\/\/yoast.com\/product\/yoast-seo-wordpress\/ -->\n<title>Body &amp; Soul Body &amp; Soul Landau - Yoga \/ Ayurveda \/ Nordic Walking<\/title>\n<meta name=\"description\" content=\"Herzlich Willkommen. Wir bieten ein vielf\u00e4ltiges und pers\u00f6nliches Angebot von Yoga, Aerial Yoga und Ayurvedischen Beratungen bis hin zu Nordic-Walking. Yoga - Entspannung - Ayurveda - Nordic Walking\" \/>\n<meta name=\"robots\" content=\"index, follow, max-snippet:-1, max-image-preview:large, max-video-preview:-1\" \/>\n<link rel=\"canonical\" href=\"https:\/\/body4soul.de\/\" \/>\n<meta property=\"og:locale\" content=\"de_DE\" \/>\n<meta property=\"og:type\" content=\"article\" \/>\n<meta property=\"og:title\" content=\"Body &amp; Soul Body &amp; Soul Landau - Yoga \/ Ayurveda \/ Nordic Walking\" \/>\n<meta property=\"og:description\" content=\"Herzlich Willkommen. Wir bieten ein vielf\u00e4ltiges und pers\u00f6nliches Angebot von Yoga, Aerial Yoga und Ayurvedischen Beratungen bis hin zu Nordic-Walking. Yoga - Entspannung - Ayurveda - Nordic Walking\" \/>\n<meta property=\"og:url\" content=\"https:\/\/body4soul.de\/\" \/>\n<meta property=\"og:site_name\" content=\"Body &amp; Soul\" \/>\n<meta property=\"article:publisher\" content=\"https:\/\/www.facebook.com\/Yamuna.Mohl.Yoga\" \/>\n<meta property=\"article:modified_time\" content=\"2022-08-23T09:54:22+00:00\" \/>\n<meta property=\"og:image\" content=\"https:\/\/body4soul.de\/wp-content\/uploads\/2019\/11\/YOGA-150x150.jpg\" \/>\n<meta name=\"twitter:card\" content=\"summary_large_image\" \/>\n<meta name=\"twitter:label1\" content=\"Gesch\u00e4tzte Lesezeit\" \/>\n\t<meta name=\"twitter:data1\" content=\"1\u00a0Minute\" \/>\n<script type=\"application\/ld+json\" class=\"yoast-schema-graph\">{\"@context\":\"https:\\\/\\\/schema.org\",\"@graph\":[{\"@type\":\"WebPage\",\"@id\":\"https:\\\/\\\/body4soul.de\\\/\",\"url\":\"https:\\\/\\\/body4soul.de\\\/\",\"name\":\"Body &amp; Soul Body & Soul Landau - Yoga \\\/ Ayurveda \\\/ Nordic Walking\",\"isPartOf\":{\"@id\":\"https:\\\/\\\/body4soul.de\\\/#website\"},\"datePublished\":\"2019-11-26T13:20:44+00:00\",\"dateModified\":\"2022-08-23T09:54:22+00:00\",\"description\":\"Herzlich Willkommen. Wir bieten ein vielf\u00e4ltiges und pers\u00f6nliches Angebot von Yoga, Aerial Yoga und Ayurvedischen Beratungen bis hin zu Nordic-Walking. Yoga - Entspannung - Ayurveda - Nordic Walking\",\"breadcrumb\":{\"@id\":\"https:\\\/\\\/body4soul.de\\\/#breadcrumb\"},\"inLanguage\":\"de\",\"potentialAction\":[{\"@type\":\"ReadAction\",\"target\":[\"https:\\\/\\\/body4soul.de\\\/\"]}]},{\"@type\":\"BreadcrumbList\",\"@id\":\"https:\\\/\\\/body4soul.de\\\/#breadcrumb\",\"itemListElement\":[{\"@type\":\"ListItem\",\"position\":1,\"name\":\"Startseite\",\"item\":\"https:\\\/\\\/body4soul.de\\\/\"},{\"@type\":\"ListItem\",\"position\":2,\"name\":\"HERZLICH WILLKOMMEN\"}]},{\"@type\":\"WebSite\",\"@id\":\"https:\\\/\\\/body4soul.de\\\/#website\",\"url\":\"https:\\\/\\\/body4soul.de\\\/\",\"name\":\"Body &amp; Soul\",\"description\":\"Yoga - Entspannung - Ayurveda - Nordic Walking\",\"publisher\":{\"@id\":\"https:\\\/\\\/body4soul.de\\\/#organization\"},\"potentialAction\":[{\"@type\":\"SearchAction\",\"target\":{\"@type\":\"EntryPoint\",\"urlTemplate\":\"https:\\\/\\\/body4soul.de\\\/?s={search_term_string}\"},\"query-input\":{\"@type\":\"PropertyValueSpecification\",\"valueRequired\":true,\"valueName\":\"search_term_string\"}}],\"inLanguage\":\"de\"},{\"@type\":\"Organization\",\"@id\":\"https:\\\/\\\/body4soul.de\\\/#organization\",\"name\":\"Body & Soul\",\"url\":\"https:\\\/\\\/body4soul.de\\\/\",\"logo\":{\"@type\":\"ImageObject\",\"inLanguage\":\"de\",\"@id\":\"https:\\\/\\\/body4soul.de\\\/#\\\/schema\\\/logo\\\/image\\\/\",\"url\":\"https:\\\/\\\/body4soul.de\\\/wp-content\\\/uploads\\\/2019\\\/11\\\/cropped-image001-1.jpg\",\"contentUrl\":\"https:\\\/\\\/body4soul.de\\\/wp-content\\\/uploads\\\/2019\\\/11\\\/cropped-image001-1.jpg\",\"width\":512,\"height\":512,\"caption\":\"Body & Soul\"},\"image\":{\"@id\":\"https:\\\/\\\/body4soul.de\\\/#\\\/schema\\\/logo\\\/image\\\/\"},\"sameAs\":[\"https:\\\/\\\/www.facebook.com\\\/Yamuna.Mohl.Yoga\",\"https:\\\/\\\/www.instagram.com\\\/bodyandsoul_landau\\\/\"]}]}<\/script>\n<!-- \/ Yoast SEO plugin. -->","yoast_head_json":{"title":"Body &amp; Soul Body & Soul Landau - Yoga \/ Ayurveda \/ Nordic Walking","description":"Herzlich Willkommen. Wir bieten ein vielf\u00e4ltiges und pers\u00f6nliches Angebot von Yoga, Aerial Yoga und Ayurvedischen Beratungen bis hin zu Nordic-Walking. Yoga - Entspannung - Ayurveda - Nordic Walking","robots":{"index":"index","follow":"follow","max-snippet":"max-snippet:-1","max-image-preview":"max-image-preview:large","max-video-preview":"max-video-preview:-1"},"canonical":"https:\/\/body4soul.de\/","og_locale":"de_DE","og_type":"article","og_title":"Body &amp; Soul Body & Soul Landau - Yoga \/ Ayurveda \/ Nordic Walking","og_description":"Herzlich Willkommen. Wir bieten ein vielf\u00e4ltiges und pers\u00f6nliches Angebot von Yoga, Aerial Yoga und Ayurvedischen Beratungen bis hin zu Nordic-Walking. Yoga - Entspannung - Ayurveda - Nordic Walking","og_url":"https:\/\/body4soul.de\/","og_site_name":"Body &amp; Soul","article_publisher":"https:\/\/www.facebook.com\/Yamuna.Mohl.Yoga","article_modified_time":"2022-08-23T09:54:22+00:00","og_image":[{"url":"https:\/\/body4soul.de\/wp-content\/uploads\/2019\/11\/YOGA-150x150.jpg","type":"","width":"","height":""}],"twitter_card":"summary_large_image","twitter_misc":{"Gesch\u00e4tzte Lesezeit":"1\u00a0Minute"},"schema":{"@context":"https:\/\/schema.org","@graph":[{"@type":"WebPage","@id":"https:\/\/body4soul.de\/","url":"https:\/\/body4soul.de\/","name":"Body &amp; Soul Body & Soul Landau - Yoga \/ Ayurveda \/ Nordic Walking","isPartOf":{"@id":"https:\/\/body4soul.de\/#website"},"datePublished":"2019-11-26T13:20:44+00:00","dateModified":"2022-08-23T09:54:22+00:00","description":"Herzlich Willkommen. Wir bieten ein vielf\u00e4ltiges und pers\u00f6nliches Angebot von Yoga, Aerial Yoga und Ayurvedischen Beratungen bis hin zu Nordic-Walking. Yoga - Entspannung - Ayurveda - Nordic Walking","breadcrumb":{"@id":"https:\/\/body4soul.de\/#breadcrumb"},"inLanguage":"de","potentialAction":[{"@type":"ReadAction","target":["https:\/\/body4soul.de\/"]}]},{"@type":"BreadcrumbList","@id":"https:\/\/body4soul.de\/#breadcrumb","itemListElement":[{"@type":"ListItem","position":1,"name":"Startseite","item":"https:\/\/body4soul.de\/"},{"@type":"ListItem","position":2,"name":"HERZLICH WILLKOMMEN"}]},{"@type":"WebSite","@id":"https:\/\/body4soul.de\/#website","url":"https:\/\/body4soul.de\/","name":"Body &amp; Soul","description":"Yoga - Entspannung - Ayurveda - Nordic Walking","publisher":{"@id":"https:\/\/body4soul.de\/#organization"},"potentialAction":[{"@type":"SearchAction","target":{"@type":"EntryPoint","urlTemplate":"https:\/\/body4soul.de\/?s={search_term_string}"},"query-input":{"@type":"PropertyValueSpecification","valueRequired":true,"valueName":"search_term_string"}}],"inLanguage":"de"},{"@type":"Organization","@id":"https:\/\/body4soul.de\/#organization","name":"Body & Soul","url":"https:\/\/body4soul.de\/","logo":{"@type":"ImageObject","inLanguage":"de","@id":"https:\/\/body4soul.de\/#\/schema\/logo\/image\/","url":"https:\/\/body4soul.de\/wp-content\/uploads\/2019\/11\/cropped-image001-1.jpg","contentUrl":"https:\/\/body4soul.de\/wp-content\/uploads\/2019\/11\/cropped-image001-1.jpg","width":512,"height":512,"caption":"Body & Soul"},"image":{"@id":"https:\/\/body4soul.de\/#\/schema\/logo\/image\/"},"sameAs":["https:\/\/www.facebook.com\/Yamuna.Mohl.Yoga","https:\/\/www.instagram.com\/bodyandsoul_landau\/"]}]}},"_links":{"self":[{"href":"https:\/\/body4soul.de\/index.php\/wp-json\/wp\/v2\/pages\/213","targetHints":{"allow":["GET"]}}],"collection":[{"href":"https:\/\/body4soul.de\/index.php\/wp-json\/wp\/v2\/pages"}],"about":[{"href":"https:\/\/body4soul.de\/index.php\/wp-json\/wp\/v2\/types\/page"}],"author":[{"embeddable":true,"href":"https:\/\/body4soul.de\/index.php\/wp-json\/wp\/v2\/users\/1"}],"replies":[{"embeddable":true,"href":"https:\/\/body4soul.de\/index.php\/wp-json\/wp\/v2\/comments?post=213"}],"version-history":[{"count":44,"href":"https:\/\/body4soul.de\/index.php\/wp-json\/wp\/v2\/pages\/213\/revisions"}],"predecessor-version":[{"id":592,"href":"https:\/\/body4soul.de\/index.php\/wp-json\/wp\/v2\/pages\/213\/revisions\/592"}],"wp:attachment":[{"href":"https:\/\/body4soul.de\/index.php\/wp-json\/wp\/v2\/media?parent=213"}],"curies":[{"name":"wp","href":"https:\/\/api.w.org\/{rel}","templated":true}]}}