{"id":256,"date":"2019-11-26T20:14:22","date_gmt":"2019-11-26T19:14:22","guid":{"rendered":"https:\/\/body4soul.de\/?page_id=256"},"modified":"2024-11-04T22:13:13","modified_gmt":"2024-11-04T21:13:13","slug":"auszeiten-workshops","status":"publish","type":"page","link":"https:\/\/body4soul.de\/index.php\/auszeiten-workshops\/","title":{"rendered":"AUSZEITEN &#038; WORKSHOPS"},"content":{"rendered":"<h3><em><strong>Aerial Yoga Workshop 17.11.24<\/strong><\/em><\/h3>\n<p>Meine lieben Yogis,<\/p>\n<p>nachdem der letzte Aerial Yoga Workshop so beliebt war, hier der n\u00e4chste Termin.<\/p>\n<p>V\u00f6llig fasziniert wie fassettenreich Aerial Yoga ist, wie tief entspannt und in sich ruhend man sich danach f\u00fchlt, m\u00f6chte ich diese Erfahrung sehr gerne mit euch teilen.<\/p>\n<p style=\"text-align: center;\"><strong>Sonntag 17.11.24, von 10:30-14:30 Uhr<br \/>\nLocation: Haus des SSC in LD, Stettiner Str. 1<\/strong><\/p>\n<p>&nbsp;<\/p>\n<p>68 \u20ac (+5\u20ac Tuchmiete, oder gerne eigenes Tuch mitbringen), f\u00fcr Snacks und Getr\u00e4nken ist ausreichend gesorgt.<\/p>\n<p><strong><br \/>\nSchnell sein lohnt sich, die Teilnehmerzahlt ist auf nur 6 Personen begrenzt.<\/strong><\/p>\n<p><strong>\u00a0<\/strong><\/p>\n<ol>\n<li><strong><em>Teil: AERIAL YOGA<\/em><\/strong>\u00a0ist auch als\u00a0<strong>Yoga im Tuch<\/strong><strong>,<\/strong> Antigravity Yoga, Flying Yoga oder Swing Yoga bekannt. Es kombiniert die klassischen Yoga Asanas mit einem gro\u00dfen, von der Decke h\u00e4ngendem Tuch. Bereits als Anf\u00e4nger kommst du mit spielerischer Leichtigkeit in die Asanas (Positionen).Durch die Schwerelosigkeit erlebst du eine andere, faszinierende Art des Yogas. \u00a0Erlebe, wie das Aerial Yoga Tuch dich sicher tr\u00e4gt, \u00a0sanft umh\u00fcllt und dich in luftige(n) H\u00f6hen wie ein Vogel dahinschweben l\u00e4sst. Durch die richtige Dosierung aus Leichtigkeit, Kraft und Flexibilit\u00e4t erlebst du tiefe Entspannung. Aerial Yoga unterst\u00fctzt dich darin, ein besseres Gesp\u00fcr f\u00fcr deinen K\u00f6rper und die Asanas zu bekommen. F\u00f6rdere deine F\u00e4higkeit loszulassen, wenn du die Standfestigkeit des Bodens aufgibst. Dein Selbstvertrauen und Mut w\u00e4chst mit jeder Asana.<\/li>\n<li>Teil: <strong>Aerial Yin Yoga<\/strong> ist ein ruhiger, sanfter Yoga styl. Yin Yoga unterst\u00fctzt uns darin, auf sanfte Weise k\u00f6rperlich wie geistig loszulassen. Die \u00dcbungen erfolgen ohne den aktiven, kraftvollen Einsatz der Muskeln. Durch das l\u00e4ngere Verweilen in der Position werden tiefere Schichten des K\u00f6rpers &#8211; die Faszien &#8211; aktiviert und der Chi-Fluss angeregt und harmonisiert.<\/li>\n<\/ol>\n","protected":false},"excerpt":{"rendered":"<p>Aerial Yoga Workshop 17.11.24 Meine lieben Yogis, nachdem der letzte Aerial Yoga Workshop so beliebt war, hier der n\u00e4chste Termin. V\u00f6llig fasziniert wie fassettenreich Aerial Yoga ist, wie tief entspannt und in sich ruhend man sich danach f\u00fchlt, m\u00f6chte ich diese Erfahrung sehr gerne mit euch teilen. Sonntag 17.11.24, von 10:30-14:30 Uhr Location: Haus des [&hellip;]<\/p>\n","protected":false},"author":1,"featured_media":0,"parent":0,"menu_order":0,"comment_status":"closed","ping_status":"closed","template":"","meta":{"footnotes":"","_links_to":"","_links_to_target":""},"class_list":["post-256","page","type-page","status-publish","hentry"],"yoast_head":"<!-- This site is optimized with the Yoast SEO plugin v27.5 - https:\/\/yoast.com\/product\/yoast-seo-wordpress\/ -->\n<title>AUSZEITEN &amp; WORKSHOPS - Body &amp; Soul<\/title>\n<meta name=\"robots\" content=\"index, follow, max-snippet:-1, max-image-preview:large, max-video-preview:-1\" \/>\n<link rel=\"canonical\" href=\"https:\/\/body4soul.de\/index.php\/auszeiten-workshops\/\" \/>\n<meta property=\"og:locale\" content=\"de_DE\" \/>\n<meta property=\"og:type\" content=\"article\" \/>\n<meta property=\"og:title\" content=\"AUSZEITEN &amp; WORKSHOPS - Body &amp; Soul\" \/>\n<meta property=\"og:description\" content=\"Aerial Yoga Workshop 17.11.24 Meine lieben Yogis, nachdem der letzte Aerial Yoga Workshop so beliebt war, hier der n\u00e4chste Termin. V\u00f6llig fasziniert wie fassettenreich Aerial Yoga ist, wie tief entspannt und in sich ruhend man sich danach f\u00fchlt, m\u00f6chte ich diese Erfahrung sehr gerne mit euch teilen. Sonntag 17.11.24, von 10:30-14:30 Uhr Location: Haus des [&hellip;]\" \/>\n<meta property=\"og:url\" content=\"https:\/\/body4soul.de\/index.php\/auszeiten-workshops\/\" \/>\n<meta property=\"og:site_name\" content=\"Body &amp; Soul\" \/>\n<meta property=\"article:publisher\" content=\"https:\/\/www.facebook.com\/Yamuna.Mohl.Yoga\" \/>\n<meta property=\"article:modified_time\" content=\"2024-11-04T21:13:13+00:00\" \/>\n<meta name=\"twitter:card\" content=\"summary_large_image\" \/>\n<meta name=\"twitter:label1\" content=\"Gesch\u00e4tzte Lesezeit\" \/>\n\t<meta name=\"twitter:data1\" content=\"2\u00a0Minuten\" \/>\n<script type=\"application\/ld+json\" class=\"yoast-schema-graph\">{\"@context\":\"https:\\\/\\\/schema.org\",\"@graph\":[{\"@type\":\"WebPage\",\"@id\":\"https:\\\/\\\/body4soul.de\\\/index.php\\\/auszeiten-workshops\\\/\",\"url\":\"https:\\\/\\\/body4soul.de\\\/index.php\\\/auszeiten-workshops\\\/\",\"name\":\"AUSZEITEN & WORKSHOPS - Body &amp; Soul\",\"isPartOf\":{\"@id\":\"https:\\\/\\\/body4soul.de\\\/#website\"},\"datePublished\":\"2019-11-26T19:14:22+00:00\",\"dateModified\":\"2024-11-04T21:13:13+00:00\",\"breadcrumb\":{\"@id\":\"https:\\\/\\\/body4soul.de\\\/index.php\\\/auszeiten-workshops\\\/#breadcrumb\"},\"inLanguage\":\"de\",\"potentialAction\":[{\"@type\":\"ReadAction\",\"target\":[\"https:\\\/\\\/body4soul.de\\\/index.php\\\/auszeiten-workshops\\\/\"]}]},{\"@type\":\"BreadcrumbList\",\"@id\":\"https:\\\/\\\/body4soul.de\\\/index.php\\\/auszeiten-workshops\\\/#breadcrumb\",\"itemListElement\":[{\"@type\":\"ListItem\",\"position\":1,\"name\":\"Startseite\",\"item\":\"https:\\\/\\\/body4soul.de\\\/\"},{\"@type\":\"ListItem\",\"position\":2,\"name\":\"AUSZEITEN &#038; WORKSHOPS\"}]},{\"@type\":\"WebSite\",\"@id\":\"https:\\\/\\\/body4soul.de\\\/#website\",\"url\":\"https:\\\/\\\/body4soul.de\\\/\",\"name\":\"Body &amp; Soul\",\"description\":\"Yoga - Entspannung - Ayurveda - Nordic Walking\",\"publisher\":{\"@id\":\"https:\\\/\\\/body4soul.de\\\/#organization\"},\"potentialAction\":[{\"@type\":\"SearchAction\",\"target\":{\"@type\":\"EntryPoint\",\"urlTemplate\":\"https:\\\/\\\/body4soul.de\\\/?s={search_term_string}\"},\"query-input\":{\"@type\":\"PropertyValueSpecification\",\"valueRequired\":true,\"valueName\":\"search_term_string\"}}],\"inLanguage\":\"de\"},{\"@type\":\"Organization\",\"@id\":\"https:\\\/\\\/body4soul.de\\\/#organization\",\"name\":\"Body & Soul\",\"url\":\"https:\\\/\\\/body4soul.de\\\/\",\"logo\":{\"@type\":\"ImageObject\",\"inLanguage\":\"de\",\"@id\":\"https:\\\/\\\/body4soul.de\\\/#\\\/schema\\\/logo\\\/image\\\/\",\"url\":\"https:\\\/\\\/body4soul.de\\\/wp-content\\\/uploads\\\/2019\\\/11\\\/cropped-image001-1.jpg\",\"contentUrl\":\"https:\\\/\\\/body4soul.de\\\/wp-content\\\/uploads\\\/2019\\\/11\\\/cropped-image001-1.jpg\",\"width\":512,\"height\":512,\"caption\":\"Body & Soul\"},\"image\":{\"@id\":\"https:\\\/\\\/body4soul.de\\\/#\\\/schema\\\/logo\\\/image\\\/\"},\"sameAs\":[\"https:\\\/\\\/www.facebook.com\\\/Yamuna.Mohl.Yoga\",\"https:\\\/\\\/www.instagram.com\\\/bodyandsoul_landau\\\/\"]}]}<\/script>\n<!-- \/ Yoast SEO plugin. -->","yoast_head_json":{"title":"AUSZEITEN & WORKSHOPS - Body &amp; Soul","robots":{"index":"index","follow":"follow","max-snippet":"max-snippet:-1","max-image-preview":"max-image-preview:large","max-video-preview":"max-video-preview:-1"},"canonical":"https:\/\/body4soul.de\/index.php\/auszeiten-workshops\/","og_locale":"de_DE","og_type":"article","og_title":"AUSZEITEN & WORKSHOPS - Body &amp; Soul","og_description":"Aerial Yoga Workshop 17.11.24 Meine lieben Yogis, nachdem der letzte Aerial Yoga Workshop so beliebt war, hier der n\u00e4chste Termin. V\u00f6llig fasziniert wie fassettenreich Aerial Yoga ist, wie tief entspannt und in sich ruhend man sich danach f\u00fchlt, m\u00f6chte ich diese Erfahrung sehr gerne mit euch teilen. Sonntag 17.11.24, von 10:30-14:30 Uhr Location: Haus des [&hellip;]","og_url":"https:\/\/body4soul.de\/index.php\/auszeiten-workshops\/","og_site_name":"Body &amp; Soul","article_publisher":"https:\/\/www.facebook.com\/Yamuna.Mohl.Yoga","article_modified_time":"2024-11-04T21:13:13+00:00","twitter_card":"summary_large_image","twitter_misc":{"Gesch\u00e4tzte Lesezeit":"2\u00a0Minuten"},"schema":{"@context":"https:\/\/schema.org","@graph":[{"@type":"WebPage","@id":"https:\/\/body4soul.de\/index.php\/auszeiten-workshops\/","url":"https:\/\/body4soul.de\/index.php\/auszeiten-workshops\/","name":"AUSZEITEN & WORKSHOPS - Body &amp; Soul","isPartOf":{"@id":"https:\/\/body4soul.de\/#website"},"datePublished":"2019-11-26T19:14:22+00:00","dateModified":"2024-11-04T21:13:13+00:00","breadcrumb":{"@id":"https:\/\/body4soul.de\/index.php\/auszeiten-workshops\/#breadcrumb"},"inLanguage":"de","potentialAction":[{"@type":"ReadAction","target":["https:\/\/body4soul.de\/index.php\/auszeiten-workshops\/"]}]},{"@type":"BreadcrumbList","@id":"https:\/\/body4soul.de\/index.php\/auszeiten-workshops\/#breadcrumb","itemListElement":[{"@type":"ListItem","position":1,"name":"Startseite","item":"https:\/\/body4soul.de\/"},{"@type":"ListItem","position":2,"name":"AUSZEITEN &#038; WORKSHOPS"}]},{"@type":"WebSite","@id":"https:\/\/body4soul.de\/#website","url":"https:\/\/body4soul.de\/","name":"Body &amp; Soul","description":"Yoga - Entspannung - Ayurveda - Nordic Walking","publisher":{"@id":"https:\/\/body4soul.de\/#organization"},"potentialAction":[{"@type":"SearchAction","target":{"@type":"EntryPoint","urlTemplate":"https:\/\/body4soul.de\/?s={search_term_string}"},"query-input":{"@type":"PropertyValueSpecification","valueRequired":true,"valueName":"search_term_string"}}],"inLanguage":"de"},{"@type":"Organization","@id":"https:\/\/body4soul.de\/#organization","name":"Body & Soul","url":"https:\/\/body4soul.de\/","logo":{"@type":"ImageObject","inLanguage":"de","@id":"https:\/\/body4soul.de\/#\/schema\/logo\/image\/","url":"https:\/\/body4soul.de\/wp-content\/uploads\/2019\/11\/cropped-image001-1.jpg","contentUrl":"https:\/\/body4soul.de\/wp-content\/uploads\/2019\/11\/cropped-image001-1.jpg","width":512,"height":512,"caption":"Body & Soul"},"image":{"@id":"https:\/\/body4soul.de\/#\/schema\/logo\/image\/"},"sameAs":["https:\/\/www.facebook.com\/Yamuna.Mohl.Yoga","https:\/\/www.instagram.com\/bodyandsoul_landau\/"]}]}},"_links":{"self":[{"href":"https:\/\/body4soul.de\/index.php\/wp-json\/wp\/v2\/pages\/256","targetHints":{"allow":["GET"]}}],"collection":[{"href":"https:\/\/body4soul.de\/index.php\/wp-json\/wp\/v2\/pages"}],"about":[{"href":"https:\/\/body4soul.de\/index.php\/wp-json\/wp\/v2\/types\/page"}],"author":[{"embeddable":true,"href":"https:\/\/body4soul.de\/index.php\/wp-json\/wp\/v2\/users\/1"}],"replies":[{"embeddable":true,"href":"https:\/\/body4soul.de\/index.php\/wp-json\/wp\/v2\/comments?post=256"}],"version-history":[{"count":30,"href":"https:\/\/body4soul.de\/index.php\/wp-json\/wp\/v2\/pages\/256\/revisions"}],"predecessor-version":[{"id":701,"href":"https:\/\/body4soul.de\/index.php\/wp-json\/wp\/v2\/pages\/256\/revisions\/701"}],"wp:attachment":[{"href":"https:\/\/body4soul.de\/index.php\/wp-json\/wp\/v2\/media?parent=256"}],"curies":[{"name":"wp","href":"https:\/\/api.w.org\/{rel}","templated":true}]}}