{"id":456,"date":"2021-02-01T22:35:23","date_gmt":"2021-02-01T21:35:23","guid":{"rendered":"https:\/\/body4soul.de\/?page_id=456"},"modified":"2026-03-04T12:16:06","modified_gmt":"2026-03-04T11:16:06","slug":"massage","status":"publish","type":"page","link":"https:\/\/body4soul.de\/index.php\/massage\/","title":{"rendered":"MASSAGE"},"content":{"rendered":"<p>Ayurvedische Massagen sind ein genussreicher und wirkungsvoller Weg, Entspannung und Vitalit\u00e4t im Alltag zu finden.<\/p>\n<p>Ayurveda begreift die Massagen als ganzheitliche Heilweisen, welche K\u00f6rper, Geist und Seele gleichzeitig ber\u00fchren und ausgleichen indem sie unter anderem,<\/p>\n<ul>\n<li>die Ausscheidung von Giftstoffen unterst\u00fctzen<\/li>\n<li>die Regeneration der Gewebe und Organe anregen<\/li>\n<li>das Nerven- und Immunsystem st\u00e4rken.<\/li>\n<\/ul>\n<p>Dadurch f\u00f6rderst Du langfristig das k\u00f6rperliche und seelische Wohlbefinden sowie einen gesunden Schlaf. Es stellt sich ein Gef\u00fchl von tiefer innerer Ruhe ein.<\/p>\n<p>Mein Angebot umfasst professionelle<\/p>\n<ul>\n<li style=\"list-style-type: none;\">\n<ul>\n<li style=\"list-style-type: none;\">\n<ul>\n<li><strong> Ganzk\u00f6rpermassagen (Abhyanga) <\/strong><\/li>\n<li><strong> R\u00fcckennmassage (Upanahasveda) <\/strong><\/li>\n<li><strong><strong> Gesicht-, Schulter- und Nackenmassagen (Mukabhyanga)<\/strong><\/strong><\/li>\n<li><strong><strong> Bein- und Fu\u00dfmassagen (Padabhyanga)<br \/>\n<\/strong><\/strong><\/li>\n<\/ul>\n<\/li>\n<\/ul>\n<\/li>\n<\/ul>\n<p>&nbsp;<\/p>\n<p><strong>Individuelle Termine k\u00f6nnen gerne <a href=\"https:\/\/body4soulld.simplybook.it\">online<\/a> oder per <a href=\"mailto:info@body-and-soul.me\" target=\"_blank\" rel=\"noopener noreferrer\">E-Mail<\/a> vereinbart werden.<\/strong><\/p>\n<p>&nbsp;<\/p>\n<p><em><strong>Ayurvedische Ganzk\u00f6rpermassage &#8211; Abhyanga\u00a0<\/strong><\/em><\/p>\n<p>\u2022 Kurzes Vorgespr\u00e4ch<br \/>\n\u2022 Ayurvedische Massage (Abhyanga)<br \/>\n\u2022 Mineralwasser oder Tee<br \/>\n\u2022 Nachruhen<br \/>\n\u2022 Handtuch<\/p>\n<p><em>Dauer &amp; Preise:<\/em><br \/>\n80 Minuten (reine Massagezeit: ca. 50 Minuten) &#8211; 89\u20ac<\/p>\n<p><em><br \/>\n<strong>Beschreibung:<\/strong><\/em><br \/>\nIn einem kurzen Vorgespr\u00e4ch erf\u00e4hrst du, was dich bei der Ayurveda-Ganzk\u00f6rper-Massage erwartet.<br \/>\nSp\u00fcre die heilende Wirkung der uralten, indischen Heilkunst. Bei deiner Ayurveda Massage handelt es sich um eine umfassende Ganzk\u00f6rpermassage, die nicht nur Muskelverspannungen l\u00f6st, sondern sich auf Dein gesamtes Wohlbefinden positiv auswirkt.<\/p>\n<p>Diese uralte Massagetechnik mit ihren ruhigen und klaren Massagestreichungen mit warmem hochwertigem Kr\u00e4uter \u00d6l lassen dich Zeit und Raum vergessen und versetzen dich in einen Zustand der Tiefenentspannung. Dabei werden Verspannungen und Blockaden auf sanfte Weise verringert, die Durchblutung wird gef\u00f6rdert und das gesamte Herz-Kreislauf-System ausgeglichen. Ersch\u00f6pfungszust\u00e4nde und Stress werden gelindert und du sch\u00f6pfst neue Kraft. Tauche ein in ein Erlebnis f\u00fcr alle Sinne und genie\u00dfe deine wunderbare Ayurveda-Massage.<\/p>\n<p>&nbsp;<\/p>\n<p><em><strong> Ayurvedische R\u00fcckenmassage &#8211; Upanahasveda<\/strong><\/em><br \/>\n\u00bb DIE KRAFT EINES BEWEGLICHEN R\u00dcCKENS \u00ab<br \/>\nW\u00e4hrend der Ayurvedische R\u00fcckenmassage entspannen deine Muskeln durch eine Streichmassage bei sanfter Musik mit hochwertigen duftenden \u00d6len. Hier kannst Du loslassen,hier darfst Du sein.<\/p>\n<p><em>Dauer &amp; Preis:<\/em><br \/>\n30 Minuten &#8211; 39\u20ac<\/p>\n<p>&nbsp;<\/p>\n<p><em><strong>Ayurvedische Gesichtsmassage &#8211; Mukabhyanga<\/strong><\/em><br \/>\n\u00bb DAS GEHEIMNIS EINES KLAREN, ENTSPANNTEN GEISTES \u00ab<br \/>\nDie Ayurvedische Gesichtsmassage l\u00f6st auf behutsame Weise emotionale und k\u00f6rperliche Blockaden im Gesichts- und Kopfbereich. Durch die sanfte Ber\u00fchrung verschiedener Marmapunkte vermittelt sie Dir Geborgenheit ,du f\u00fchlst dich umarmt und voller Vertrauen kann deine Energie kann wieder frei flie\u00dfen.<\/p>\n<p><em>Dauer &amp; Preis:<\/em><br \/>\n30 Minuten &#8211; 39\u20ac<\/p>\n<p>&nbsp;<\/p>\n<p><em><strong>Ayurvedische Fu\u00dfmassage &#8211; Padabhyanga<\/strong><\/em><br \/>\n\u00bb MIT LEICHTIGKEIT DURCHS LEBEN GEHEN \u00ab<br \/>\nIm Ayurveda werden die F\u00fc\u00dfe als Landkarte gesehen \u2013 der Fu\u00df gilt als Spiegelbild des gesamten K\u00f6rpers. Die verschiedenen Organe und K\u00f6rperteile sind \u00fcber Meridiane mit der Fu\u00dfsohle verbunden. Durch die Massage der Reflexzonen, wirkt man direkt auf das entsprechende Organ oder K\u00f6perteil, stimuliert die Durchblutung und stellt somit das Gleichgewicht des Organismus wieder her und f\u00f6rdert somit die Selbstheilung. \u2026eine Wohltat f\u00fcr K\u00f6rper und Seele.<\/p>\n<p><em>Dauer &amp; Preis:<\/em><br \/>\n30 Minuten &#8211; 39\u20ac<\/p>\n<p>&nbsp;<\/p>\n<p><strong>Individuelle Termine k\u00f6nnen gerne <a href=\"https:\/\/body4soulld.simplybook.it\">online<\/a> oder per <a href=\"mailto:info@body-and-soul.me\" target=\"_blank\" rel=\"noopener noreferrer\">E-Mail<\/a> vereinbart werden.<\/strong><\/p>\n","protected":false},"excerpt":{"rendered":"<p>Ayurvedische Massagen sind ein genussreicher und wirkungsvoller Weg, Entspannung und Vitalit\u00e4t im Alltag zu finden. Ayurveda begreift die Massagen als ganzheitliche Heilweisen, welche K\u00f6rper, Geist und Seele gleichzeitig ber\u00fchren und ausgleichen indem sie unter anderem, die Ausscheidung von Giftstoffen unterst\u00fctzen die Regeneration der Gewebe und Organe anregen das Nerven- und Immunsystem st\u00e4rken. Dadurch f\u00f6rderst Du [&hellip;]<\/p>\n","protected":false},"author":1,"featured_media":0,"parent":0,"menu_order":0,"comment_status":"closed","ping_status":"closed","template":"","meta":{"footnotes":"","_links_to":"","_links_to_target":""},"class_list":["post-456","page","type-page","status-publish","hentry"],"yoast_head":"<!-- This site is optimized with the Yoast SEO plugin v27.5 - https:\/\/yoast.com\/product\/yoast-seo-wordpress\/ -->\n<title>MASSAGE - Body &amp; Soul<\/title>\n<meta name=\"robots\" content=\"index, follow, max-snippet:-1, max-image-preview:large, max-video-preview:-1\" \/>\n<link rel=\"canonical\" href=\"https:\/\/body4soul.de\/index.php\/massage\/\" \/>\n<meta property=\"og:locale\" content=\"de_DE\" \/>\n<meta property=\"og:type\" content=\"article\" \/>\n<meta property=\"og:title\" content=\"MASSAGE - Body &amp; Soul\" \/>\n<meta property=\"og:description\" content=\"Ayurvedische Massagen sind ein genussreicher und wirkungsvoller Weg, Entspannung und Vitalit\u00e4t im Alltag zu finden. Ayurveda begreift die Massagen als ganzheitliche Heilweisen, welche K\u00f6rper, Geist und Seele gleichzeitig ber\u00fchren und ausgleichen indem sie unter anderem, die Ausscheidung von Giftstoffen unterst\u00fctzen die Regeneration der Gewebe und Organe anregen das Nerven- und Immunsystem st\u00e4rken. Dadurch f\u00f6rderst Du [&hellip;]\" \/>\n<meta property=\"og:url\" content=\"https:\/\/body4soul.de\/index.php\/massage\/\" \/>\n<meta property=\"og:site_name\" content=\"Body &amp; Soul\" \/>\n<meta property=\"article:publisher\" content=\"https:\/\/www.facebook.com\/Yamuna.Mohl.Yoga\" \/>\n<meta property=\"article:modified_time\" content=\"2026-03-04T11:16:06+00:00\" \/>\n<meta name=\"twitter:card\" content=\"summary_large_image\" \/>\n<meta name=\"twitter:label1\" content=\"Gesch\u00e4tzte Lesezeit\" \/>\n\t<meta name=\"twitter:data1\" content=\"3\u00a0Minuten\" \/>\n<script type=\"application\/ld+json\" class=\"yoast-schema-graph\">{\"@context\":\"https:\\\/\\\/schema.org\",\"@graph\":[{\"@type\":\"WebPage\",\"@id\":\"https:\\\/\\\/body4soul.de\\\/index.php\\\/massage\\\/\",\"url\":\"https:\\\/\\\/body4soul.de\\\/index.php\\\/massage\\\/\",\"name\":\"MASSAGE - Body &amp; Soul\",\"isPartOf\":{\"@id\":\"https:\\\/\\\/body4soul.de\\\/#website\"},\"datePublished\":\"2021-02-01T21:35:23+00:00\",\"dateModified\":\"2026-03-04T11:16:06+00:00\",\"breadcrumb\":{\"@id\":\"https:\\\/\\\/body4soul.de\\\/index.php\\\/massage\\\/#breadcrumb\"},\"inLanguage\":\"de\",\"potentialAction\":[{\"@type\":\"ReadAction\",\"target\":[\"https:\\\/\\\/body4soul.de\\\/index.php\\\/massage\\\/\"]}]},{\"@type\":\"BreadcrumbList\",\"@id\":\"https:\\\/\\\/body4soul.de\\\/index.php\\\/massage\\\/#breadcrumb\",\"itemListElement\":[{\"@type\":\"ListItem\",\"position\":1,\"name\":\"Startseite\",\"item\":\"https:\\\/\\\/body4soul.de\\\/\"},{\"@type\":\"ListItem\",\"position\":2,\"name\":\"MASSAGE\"}]},{\"@type\":\"WebSite\",\"@id\":\"https:\\\/\\\/body4soul.de\\\/#website\",\"url\":\"https:\\\/\\\/body4soul.de\\\/\",\"name\":\"Body &amp; Soul\",\"description\":\"Yoga - Entspannung - Ayurveda - Nordic Walking\",\"publisher\":{\"@id\":\"https:\\\/\\\/body4soul.de\\\/#organization\"},\"potentialAction\":[{\"@type\":\"SearchAction\",\"target\":{\"@type\":\"EntryPoint\",\"urlTemplate\":\"https:\\\/\\\/body4soul.de\\\/?s={search_term_string}\"},\"query-input\":{\"@type\":\"PropertyValueSpecification\",\"valueRequired\":true,\"valueName\":\"search_term_string\"}}],\"inLanguage\":\"de\"},{\"@type\":\"Organization\",\"@id\":\"https:\\\/\\\/body4soul.de\\\/#organization\",\"name\":\"Body & Soul\",\"url\":\"https:\\\/\\\/body4soul.de\\\/\",\"logo\":{\"@type\":\"ImageObject\",\"inLanguage\":\"de\",\"@id\":\"https:\\\/\\\/body4soul.de\\\/#\\\/schema\\\/logo\\\/image\\\/\",\"url\":\"https:\\\/\\\/body4soul.de\\\/wp-content\\\/uploads\\\/2019\\\/11\\\/cropped-image001-1.jpg\",\"contentUrl\":\"https:\\\/\\\/body4soul.de\\\/wp-content\\\/uploads\\\/2019\\\/11\\\/cropped-image001-1.jpg\",\"width\":512,\"height\":512,\"caption\":\"Body & Soul\"},\"image\":{\"@id\":\"https:\\\/\\\/body4soul.de\\\/#\\\/schema\\\/logo\\\/image\\\/\"},\"sameAs\":[\"https:\\\/\\\/www.facebook.com\\\/Yamuna.Mohl.Yoga\",\"https:\\\/\\\/www.instagram.com\\\/bodyandsoul_landau\\\/\"]}]}<\/script>\n<!-- \/ Yoast SEO plugin. -->","yoast_head_json":{"title":"MASSAGE - Body &amp; Soul","robots":{"index":"index","follow":"follow","max-snippet":"max-snippet:-1","max-image-preview":"max-image-preview:large","max-video-preview":"max-video-preview:-1"},"canonical":"https:\/\/body4soul.de\/index.php\/massage\/","og_locale":"de_DE","og_type":"article","og_title":"MASSAGE - Body &amp; Soul","og_description":"Ayurvedische Massagen sind ein genussreicher und wirkungsvoller Weg, Entspannung und Vitalit\u00e4t im Alltag zu finden. Ayurveda begreift die Massagen als ganzheitliche Heilweisen, welche K\u00f6rper, Geist und Seele gleichzeitig ber\u00fchren und ausgleichen indem sie unter anderem, die Ausscheidung von Giftstoffen unterst\u00fctzen die Regeneration der Gewebe und Organe anregen das Nerven- und Immunsystem st\u00e4rken. Dadurch f\u00f6rderst Du [&hellip;]","og_url":"https:\/\/body4soul.de\/index.php\/massage\/","og_site_name":"Body &amp; Soul","article_publisher":"https:\/\/www.facebook.com\/Yamuna.Mohl.Yoga","article_modified_time":"2026-03-04T11:16:06+00:00","twitter_card":"summary_large_image","twitter_misc":{"Gesch\u00e4tzte Lesezeit":"3\u00a0Minuten"},"schema":{"@context":"https:\/\/schema.org","@graph":[{"@type":"WebPage","@id":"https:\/\/body4soul.de\/index.php\/massage\/","url":"https:\/\/body4soul.de\/index.php\/massage\/","name":"MASSAGE - Body &amp; Soul","isPartOf":{"@id":"https:\/\/body4soul.de\/#website"},"datePublished":"2021-02-01T21:35:23+00:00","dateModified":"2026-03-04T11:16:06+00:00","breadcrumb":{"@id":"https:\/\/body4soul.de\/index.php\/massage\/#breadcrumb"},"inLanguage":"de","potentialAction":[{"@type":"ReadAction","target":["https:\/\/body4soul.de\/index.php\/massage\/"]}]},{"@type":"BreadcrumbList","@id":"https:\/\/body4soul.de\/index.php\/massage\/#breadcrumb","itemListElement":[{"@type":"ListItem","position":1,"name":"Startseite","item":"https:\/\/body4soul.de\/"},{"@type":"ListItem","position":2,"name":"MASSAGE"}]},{"@type":"WebSite","@id":"https:\/\/body4soul.de\/#website","url":"https:\/\/body4soul.de\/","name":"Body &amp; Soul","description":"Yoga - Entspannung - Ayurveda - Nordic Walking","publisher":{"@id":"https:\/\/body4soul.de\/#organization"},"potentialAction":[{"@type":"SearchAction","target":{"@type":"EntryPoint","urlTemplate":"https:\/\/body4soul.de\/?s={search_term_string}"},"query-input":{"@type":"PropertyValueSpecification","valueRequired":true,"valueName":"search_term_string"}}],"inLanguage":"de"},{"@type":"Organization","@id":"https:\/\/body4soul.de\/#organization","name":"Body & Soul","url":"https:\/\/body4soul.de\/","logo":{"@type":"ImageObject","inLanguage":"de","@id":"https:\/\/body4soul.de\/#\/schema\/logo\/image\/","url":"https:\/\/body4soul.de\/wp-content\/uploads\/2019\/11\/cropped-image001-1.jpg","contentUrl":"https:\/\/body4soul.de\/wp-content\/uploads\/2019\/11\/cropped-image001-1.jpg","width":512,"height":512,"caption":"Body & Soul"},"image":{"@id":"https:\/\/body4soul.de\/#\/schema\/logo\/image\/"},"sameAs":["https:\/\/www.facebook.com\/Yamuna.Mohl.Yoga","https:\/\/www.instagram.com\/bodyandsoul_landau\/"]}]}},"_links":{"self":[{"href":"https:\/\/body4soul.de\/index.php\/wp-json\/wp\/v2\/pages\/456","targetHints":{"allow":["GET"]}}],"collection":[{"href":"https:\/\/body4soul.de\/index.php\/wp-json\/wp\/v2\/pages"}],"about":[{"href":"https:\/\/body4soul.de\/index.php\/wp-json\/wp\/v2\/types\/page"}],"author":[{"embeddable":true,"href":"https:\/\/body4soul.de\/index.php\/wp-json\/wp\/v2\/users\/1"}],"replies":[{"embeddable":true,"href":"https:\/\/body4soul.de\/index.php\/wp-json\/wp\/v2\/comments?post=456"}],"version-history":[{"count":26,"href":"https:\/\/body4soul.de\/index.php\/wp-json\/wp\/v2\/pages\/456\/revisions"}],"predecessor-version":[{"id":1390,"href":"https:\/\/body4soul.de\/index.php\/wp-json\/wp\/v2\/pages\/456\/revisions\/1390"}],"wp:attachment":[{"href":"https:\/\/body4soul.de\/index.php\/wp-json\/wp\/v2\/media?parent=456"}],"curies":[{"name":"wp","href":"https:\/\/api.w.org\/{rel}","templated":true}]}}