{"id":68,"date":"2019-11-08T15:06:05","date_gmt":"2019-11-08T14:06:05","guid":{"rendered":"https:\/\/body4soul.de\/?page_id=68"},"modified":"2020-05-08T20:01:28","modified_gmt":"2020-05-08T18:01:28","slug":"yoga-lernen","status":"publish","type":"page","link":"https:\/\/body4soul.de\/index.php\/yoga-lernen\/","title":{"rendered":"YOGA"},"content":{"rendered":"<p style=\"font-weight: 400;\">Ich lade Dich ein, in meinem <strong>Yoga Kurs<\/strong>\u00a0die Welt des Yoga auf eine neue Art der <strong>Achtsamkeit und K\u00f6rperwahrnehmung<\/strong> kennenzulernen.<\/p>\n<p style=\"font-weight: 400;\">Der zeitgem\u00e4\u00dfe Weg zu sich selbst &#8211; f\u00fcr neue mentale sowie k\u00f6rperliche Kraft. W\u00e4hrend der Yogapraxis steht die Bewegung im Fluss der Atmung und die Leitlinie <em>&#8222;alles kann &#8211; nichts muss&#8220; <\/em>im Vordergrund, wobei das eigene K\u00f6rpergef\u00fchl absolut ber\u00fccksichtigt werden muss. Die Yoga Praxis sollte sich immer gut anf\u00fchlen und vor allem gut tun. Jeder Mensch, jeden Alters kann Yoga erlernen und ausf\u00fchren. Yoga gibt dir Kraft und l\u00f6st k\u00f6rperliche sowie emotionale Blockaden.<\/p>\n<p>Oberstes Gebot f\u00fcr Lehrer und Sch\u00fcler ist, eigene Grenzen und M\u00f6glichkeiten klar zu erkennen und sich gegenseitig zu vertrauen. Das gemeinsame und auch eigene \u00dcben erfolgt mit R\u00fccksicht auf andere aber auch auf sich selbst. Der Erfolg von Yoga gr\u00fcndet auf kleinen und behutsamen Schritten und einem freud- und liebevollen Dranbleiben an der Sache.<\/p>\n<p style=\"font-weight: 400;\">Tauche ein in die Welt des Yogas und erfahre auf ungezwungene Art und Weise was es hei\u00dft, wirklich bei sich selbst anzukommen. In kleinen <strong>Gruppen<\/strong> von max. 10 Personen \u00fcben und lernen wir die positiven Wirkungen des Yoga Gemeinsam &#8211;\u00a0<em>und doch jeder f\u00fcr sich.<\/em> Die aktuellen Termine f\u00fcr Yoga in Landau findest Du <strong><a href=\"https:\/\/body4soul.de\/index.php\/gruppenkurse\/\">hier<\/a><\/strong>.<\/p>\n<p>Des Weiteren unterrichte ich auch <strong><a href=\"https:\/\/body4soul.de\/index.php\/aerial-yoga\/\">Aerial Yoga<\/a><\/strong> und <a href=\"https:\/\/body4soul.de\/index.php\/kinderyoga\/\"><strong>Yoga f\u00fcr Kinder<\/strong><\/a>.<\/p>\n<p>\u00dcbrigens: Entspannung kann man auch verschenken &#8211; als Yoga <strong><a href=\"https:\/\/body4soul.de\/index.php\/2019\/12\/02\/gutschein-verschenken\/\">Gutschein<\/a><\/strong> \ud83d\udc9d<\/p>\n<hr \/>\n<p><strong>Yoga Einzelunterricht\u00a0<\/strong><\/p>\n<p><em>Jeder ist individuell und jeder hat seine eigenen Grenzen.<\/em><\/p>\n<p>Im Yoga-Einzelunterricht erarbeite ich ein individuell auf Dich abgestimmtes \u00dcbungsprogramm, welches Dir ein anschli\u00dfendes Weiter\u00fcben zu Hause mit Freude erm\u00f6glicht.<\/p>\n<p>Yoga Einzelunterricht gibt dir die <strong>Kraft der inneren Ruh<\/strong>e und ist eine <strong>Reise zu sich selbst<\/strong>. Bewusst gef\u00fchrte K\u00f6rper-, Atem-, Konzentrations- und Meditations\u00fcbungen bereiten dich darauf vor, achtsam in der Stille zu sein, im <strong>Hier und Jetzt<\/strong>. Ein Weg, die eigene Pers\u00f6nlichkeit (fort) zu entwickeln und alte, hinderliche Muster und Gewohnheiten loszulassen. Ein Weg, zu sich selbst, zu innerer Zufriedenheit und Gelassenheit.<\/p>\n<p>Termine nach Absprache (1-3 Pers.)<br \/>\nPreis auf <strong><a href=\"https:\/\/body4soul.de\/index.php\/kontakt\/\">Anfrage<\/a><\/strong><\/p>\n<hr \/>\n<p><strong>Yoga f\u00fcr Firmen\/Vereine etc.<\/strong><\/p>\n<p>Wenn Sie in Ihren R\u00e4umlichkeiten Yogaunterricht anbieten m\u00f6chten, setzen Sie sich bitte mit mir in Verbindung, ich berate Sie gerne und unterbreite Ihnen ein individuelles Angebot.<\/p>\n<p>Im Rahmen des Betrieblichen Gesundheitsmanagments (BGM) werden die Kurse ganz oder teilweise auch von den Krankenkassen bezuschusst (\u00a7 3 Nr. 34 EStG).<\/p>\n<p>Preis auf <strong><a href=\"https:\/\/body4soul.de\/index.php\/kontakt\/\">Anfrage<\/a><\/strong><\/p>\n<hr \/>\n<p><strong>Unterricht vor Ort in Ihrem Hotel<\/strong><\/p>\n<p>Ich gestalte f\u00fcr Sie Yoga-Angebote, die speziell auf Ihre G\u00e4stegruppe (z.B. j\u00fcngere oder reifere Personen, Seminarteilnehmer, Kurzurlauber oder auch G\u00e4ste, die l\u00e4nger bleiben) abgestimmt sind.<\/p>\n<p>Der Hotelaufenthalt Ihrer G\u00e4ste sollte ein ganz besonderes und bleibendes Erlebnis sein. Die Verbindung zwischen Yoga und Urlaub multipliziert den Erholungswert und bleibt Ihren G\u00e4sten garantiert sehr lange in positiver Erinnerung.<\/p>\n<p>Preis auf <strong><a href=\"https:\/\/body4soul.de\/index.php\/kontakt\/\">Anfrage<\/a><\/strong><\/p>\n<p>&nbsp;<\/p>\n","protected":false},"excerpt":{"rendered":"<p>Ich lade Dich ein, in meinem Yoga Kurs\u00a0die Welt des Yoga auf eine neue Art der Achtsamkeit und K\u00f6rperwahrnehmung kennenzulernen. Der zeitgem\u00e4\u00dfe Weg zu sich selbst &#8211; f\u00fcr neue mentale sowie k\u00f6rperliche Kraft. W\u00e4hrend der Yogapraxis steht die Bewegung im Fluss der Atmung und die Leitlinie &#8222;alles kann &#8211; nichts muss&#8220; im Vordergrund, wobei das [&hellip;]<\/p>\n","protected":false},"author":1,"featured_media":111,"parent":0,"menu_order":0,"comment_status":"closed","ping_status":"closed","template":"","meta":{"footnotes":"","_links_to":"","_links_to_target":""},"class_list":["post-68","page","type-page","status-publish","has-post-thumbnail","hentry"],"yoast_head":"<!-- This site is optimized with the Yoast SEO plugin v27.4 - https:\/\/yoast.com\/product\/yoast-seo-wordpress\/ -->\n<title>YOGA - Body &amp; Soul<\/title>\n<meta name=\"robots\" content=\"index, follow, max-snippet:-1, max-image-preview:large, max-video-preview:-1\" \/>\n<link rel=\"canonical\" href=\"https:\/\/body4soul.de\/index.php\/yoga-lernen\/\" \/>\n<meta property=\"og:locale\" content=\"de_DE\" \/>\n<meta property=\"og:type\" content=\"article\" \/>\n<meta property=\"og:title\" content=\"YOGA - Body &amp; Soul\" \/>\n<meta property=\"og:description\" content=\"Ich lade Dich ein, in meinem Yoga Kurs\u00a0die Welt des Yoga auf eine neue Art der Achtsamkeit und K\u00f6rperwahrnehmung kennenzulernen. Der zeitgem\u00e4\u00dfe Weg zu sich selbst &#8211; f\u00fcr neue mentale sowie k\u00f6rperliche Kraft. W\u00e4hrend der Yogapraxis steht die Bewegung im Fluss der Atmung und die Leitlinie &#8222;alles kann &#8211; nichts muss&#8220; im Vordergrund, wobei das [&hellip;]\" \/>\n<meta property=\"og:url\" content=\"https:\/\/body4soul.de\/index.php\/yoga-lernen\/\" \/>\n<meta property=\"og:site_name\" content=\"Body &amp; Soul\" \/>\n<meta property=\"article:publisher\" content=\"https:\/\/www.facebook.com\/Yamuna.Mohl.Yoga\" \/>\n<meta property=\"article:modified_time\" content=\"2020-05-08T18:01:28+00:00\" \/>\n<meta property=\"og:image\" content=\"https:\/\/body4soul.de\/wp-content\/uploads\/2019\/11\/yoga-2662237_1920.jpg\" \/>\n\t<meta property=\"og:image:width\" content=\"1920\" \/>\n\t<meta property=\"og:image:height\" content=\"1280\" \/>\n\t<meta property=\"og:image:type\" content=\"image\/jpeg\" \/>\n<meta name=\"twitter:card\" content=\"summary_large_image\" \/>\n<meta name=\"twitter:label1\" content=\"Gesch\u00e4tzte Lesezeit\" \/>\n\t<meta name=\"twitter:data1\" content=\"2\u00a0Minuten\" \/>\n<script type=\"application\/ld+json\" class=\"yoast-schema-graph\">{\"@context\":\"https:\\\/\\\/schema.org\",\"@graph\":[{\"@type\":\"WebPage\",\"@id\":\"https:\\\/\\\/body4soul.de\\\/index.php\\\/yoga-lernen\\\/\",\"url\":\"https:\\\/\\\/body4soul.de\\\/index.php\\\/yoga-lernen\\\/\",\"name\":\"YOGA - Body &amp; Soul\",\"isPartOf\":{\"@id\":\"https:\\\/\\\/body4soul.de\\\/#website\"},\"primaryImageOfPage\":{\"@id\":\"https:\\\/\\\/body4soul.de\\\/index.php\\\/yoga-lernen\\\/#primaryimage\"},\"image\":{\"@id\":\"https:\\\/\\\/body4soul.de\\\/index.php\\\/yoga-lernen\\\/#primaryimage\"},\"thumbnailUrl\":\"https:\\\/\\\/body4soul.de\\\/wp-content\\\/uploads\\\/2019\\\/11\\\/yoga-2662237_1920.jpg\",\"datePublished\":\"2019-11-08T14:06:05+00:00\",\"dateModified\":\"2020-05-08T18:01:28+00:00\",\"breadcrumb\":{\"@id\":\"https:\\\/\\\/body4soul.de\\\/index.php\\\/yoga-lernen\\\/#breadcrumb\"},\"inLanguage\":\"de\",\"potentialAction\":[{\"@type\":\"ReadAction\",\"target\":[\"https:\\\/\\\/body4soul.de\\\/index.php\\\/yoga-lernen\\\/\"]}]},{\"@type\":\"ImageObject\",\"inLanguage\":\"de\",\"@id\":\"https:\\\/\\\/body4soul.de\\\/index.php\\\/yoga-lernen\\\/#primaryimage\",\"url\":\"https:\\\/\\\/body4soul.de\\\/wp-content\\\/uploads\\\/2019\\\/11\\\/yoga-2662237_1920.jpg\",\"contentUrl\":\"https:\\\/\\\/body4soul.de\\\/wp-content\\\/uploads\\\/2019\\\/11\\\/yoga-2662237_1920.jpg\",\"width\":1920,\"height\":1280},{\"@type\":\"BreadcrumbList\",\"@id\":\"https:\\\/\\\/body4soul.de\\\/index.php\\\/yoga-lernen\\\/#breadcrumb\",\"itemListElement\":[{\"@type\":\"ListItem\",\"position\":1,\"name\":\"Startseite\",\"item\":\"https:\\\/\\\/body4soul.de\\\/\"},{\"@type\":\"ListItem\",\"position\":2,\"name\":\"YOGA\"}]},{\"@type\":\"WebSite\",\"@id\":\"https:\\\/\\\/body4soul.de\\\/#website\",\"url\":\"https:\\\/\\\/body4soul.de\\\/\",\"name\":\"Body &amp; Soul\",\"description\":\"Yoga - Entspannung - Ayurveda - Nordic Walking\",\"publisher\":{\"@id\":\"https:\\\/\\\/body4soul.de\\\/#organization\"},\"potentialAction\":[{\"@type\":\"SearchAction\",\"target\":{\"@type\":\"EntryPoint\",\"urlTemplate\":\"https:\\\/\\\/body4soul.de\\\/?s={search_term_string}\"},\"query-input\":{\"@type\":\"PropertyValueSpecification\",\"valueRequired\":true,\"valueName\":\"search_term_string\"}}],\"inLanguage\":\"de\"},{\"@type\":\"Organization\",\"@id\":\"https:\\\/\\\/body4soul.de\\\/#organization\",\"name\":\"Body & Soul\",\"url\":\"https:\\\/\\\/body4soul.de\\\/\",\"logo\":{\"@type\":\"ImageObject\",\"inLanguage\":\"de\",\"@id\":\"https:\\\/\\\/body4soul.de\\\/#\\\/schema\\\/logo\\\/image\\\/\",\"url\":\"https:\\\/\\\/body4soul.de\\\/wp-content\\\/uploads\\\/2019\\\/11\\\/cropped-image001-1.jpg\",\"contentUrl\":\"https:\\\/\\\/body4soul.de\\\/wp-content\\\/uploads\\\/2019\\\/11\\\/cropped-image001-1.jpg\",\"width\":512,\"height\":512,\"caption\":\"Body & Soul\"},\"image\":{\"@id\":\"https:\\\/\\\/body4soul.de\\\/#\\\/schema\\\/logo\\\/image\\\/\"},\"sameAs\":[\"https:\\\/\\\/www.facebook.com\\\/Yamuna.Mohl.Yoga\",\"https:\\\/\\\/www.instagram.com\\\/bodyandsoul_landau\\\/\"]}]}<\/script>\n<!-- \/ Yoast SEO plugin. -->","yoast_head_json":{"title":"YOGA - Body &amp; Soul","robots":{"index":"index","follow":"follow","max-snippet":"max-snippet:-1","max-image-preview":"max-image-preview:large","max-video-preview":"max-video-preview:-1"},"canonical":"https:\/\/body4soul.de\/index.php\/yoga-lernen\/","og_locale":"de_DE","og_type":"article","og_title":"YOGA - Body &amp; Soul","og_description":"Ich lade Dich ein, in meinem Yoga Kurs\u00a0die Welt des Yoga auf eine neue Art der Achtsamkeit und K\u00f6rperwahrnehmung kennenzulernen. Der zeitgem\u00e4\u00dfe Weg zu sich selbst &#8211; f\u00fcr neue mentale sowie k\u00f6rperliche Kraft. W\u00e4hrend der Yogapraxis steht die Bewegung im Fluss der Atmung und die Leitlinie &#8222;alles kann &#8211; nichts muss&#8220; im Vordergrund, wobei das [&hellip;]","og_url":"https:\/\/body4soul.de\/index.php\/yoga-lernen\/","og_site_name":"Body &amp; Soul","article_publisher":"https:\/\/www.facebook.com\/Yamuna.Mohl.Yoga","article_modified_time":"2020-05-08T18:01:28+00:00","og_image":[{"width":1920,"height":1280,"url":"https:\/\/body4soul.de\/wp-content\/uploads\/2019\/11\/yoga-2662237_1920.jpg","type":"image\/jpeg"}],"twitter_card":"summary_large_image","twitter_misc":{"Gesch\u00e4tzte Lesezeit":"2\u00a0Minuten"},"schema":{"@context":"https:\/\/schema.org","@graph":[{"@type":"WebPage","@id":"https:\/\/body4soul.de\/index.php\/yoga-lernen\/","url":"https:\/\/body4soul.de\/index.php\/yoga-lernen\/","name":"YOGA - Body &amp; Soul","isPartOf":{"@id":"https:\/\/body4soul.de\/#website"},"primaryImageOfPage":{"@id":"https:\/\/body4soul.de\/index.php\/yoga-lernen\/#primaryimage"},"image":{"@id":"https:\/\/body4soul.de\/index.php\/yoga-lernen\/#primaryimage"},"thumbnailUrl":"https:\/\/body4soul.de\/wp-content\/uploads\/2019\/11\/yoga-2662237_1920.jpg","datePublished":"2019-11-08T14:06:05+00:00","dateModified":"2020-05-08T18:01:28+00:00","breadcrumb":{"@id":"https:\/\/body4soul.de\/index.php\/yoga-lernen\/#breadcrumb"},"inLanguage":"de","potentialAction":[{"@type":"ReadAction","target":["https:\/\/body4soul.de\/index.php\/yoga-lernen\/"]}]},{"@type":"ImageObject","inLanguage":"de","@id":"https:\/\/body4soul.de\/index.php\/yoga-lernen\/#primaryimage","url":"https:\/\/body4soul.de\/wp-content\/uploads\/2019\/11\/yoga-2662237_1920.jpg","contentUrl":"https:\/\/body4soul.de\/wp-content\/uploads\/2019\/11\/yoga-2662237_1920.jpg","width":1920,"height":1280},{"@type":"BreadcrumbList","@id":"https:\/\/body4soul.de\/index.php\/yoga-lernen\/#breadcrumb","itemListElement":[{"@type":"ListItem","position":1,"name":"Startseite","item":"https:\/\/body4soul.de\/"},{"@type":"ListItem","position":2,"name":"YOGA"}]},{"@type":"WebSite","@id":"https:\/\/body4soul.de\/#website","url":"https:\/\/body4soul.de\/","name":"Body &amp; Soul","description":"Yoga - Entspannung - Ayurveda - Nordic Walking","publisher":{"@id":"https:\/\/body4soul.de\/#organization"},"potentialAction":[{"@type":"SearchAction","target":{"@type":"EntryPoint","urlTemplate":"https:\/\/body4soul.de\/?s={search_term_string}"},"query-input":{"@type":"PropertyValueSpecification","valueRequired":true,"valueName":"search_term_string"}}],"inLanguage":"de"},{"@type":"Organization","@id":"https:\/\/body4soul.de\/#organization","name":"Body & Soul","url":"https:\/\/body4soul.de\/","logo":{"@type":"ImageObject","inLanguage":"de","@id":"https:\/\/body4soul.de\/#\/schema\/logo\/image\/","url":"https:\/\/body4soul.de\/wp-content\/uploads\/2019\/11\/cropped-image001-1.jpg","contentUrl":"https:\/\/body4soul.de\/wp-content\/uploads\/2019\/11\/cropped-image001-1.jpg","width":512,"height":512,"caption":"Body & Soul"},"image":{"@id":"https:\/\/body4soul.de\/#\/schema\/logo\/image\/"},"sameAs":["https:\/\/www.facebook.com\/Yamuna.Mohl.Yoga","https:\/\/www.instagram.com\/bodyandsoul_landau\/"]}]}},"_links":{"self":[{"href":"https:\/\/body4soul.de\/index.php\/wp-json\/wp\/v2\/pages\/68","targetHints":{"allow":["GET"]}}],"collection":[{"href":"https:\/\/body4soul.de\/index.php\/wp-json\/wp\/v2\/pages"}],"about":[{"href":"https:\/\/body4soul.de\/index.php\/wp-json\/wp\/v2\/types\/page"}],"author":[{"embeddable":true,"href":"https:\/\/body4soul.de\/index.php\/wp-json\/wp\/v2\/users\/1"}],"replies":[{"embeddable":true,"href":"https:\/\/body4soul.de\/index.php\/wp-json\/wp\/v2\/comments?post=68"}],"version-history":[{"count":10,"href":"https:\/\/body4soul.de\/index.php\/wp-json\/wp\/v2\/pages\/68\/revisions"}],"predecessor-version":[{"id":420,"href":"https:\/\/body4soul.de\/index.php\/wp-json\/wp\/v2\/pages\/68\/revisions\/420"}],"wp:featuredmedia":[{"embeddable":true,"href":"https:\/\/body4soul.de\/index.php\/wp-json\/wp\/v2\/media\/111"}],"wp:attachment":[{"href":"https:\/\/body4soul.de\/index.php\/wp-json\/wp\/v2\/media?parent=68"}],"curies":[{"name":"wp","href":"https:\/\/api.w.org\/{rel}","templated":true}]}}