{"id":92,"date":"2019-11-15T14:11:37","date_gmt":"2019-11-15T13:11:37","guid":{"rendered":"https:\/\/body4soul.de\/?page_id=92"},"modified":"2025-01-01T21:39:30","modified_gmt":"2025-01-01T20:39:30","slug":"yoga-gruppenkurse","status":"publish","type":"page","link":"https:\/\/body4soul.de\/index.php\/yoga-gruppenkurse\/","title":{"rendered":"Gruppenkurse"},"content":{"rendered":"<p><strong>Yoga-Gruppenkurse<\/strong><\/p>\n<p>Mittwochs 18:30-20 Uhr<\/p>\n<p>Landau, Alois-Kraemer-Str. 9<\/p>\n<p>Ein Quereinstieg ist jederzeit m\u00f6glich.<br \/>\nTermine <strong><a href=\"https:\/\/body4soulld.simplybook.it\">online<\/a> oder auf <strong><a href=\"https:\/\/body4soul.de\/index.php\/kontakt\/\">Anfrage<\/a><\/strong>.<\/strong><\/p>\n<p>Die Kursgeb\u00fchren werden von den Krankenkassen anteilsm\u00e4\u00dfig \u00fcbernommen.<br \/>\nBitte informieren Sie sich bei Ihrer Krankenkasse.<\/p>\n<p>&nbsp;<\/p>\n","protected":false},"excerpt":{"rendered":"<p>Yoga-Gruppenkurse Mittwochs 18:30-20 Uhr Landau, Alois-Kraemer-Str. 9 Ein Quereinstieg ist jederzeit m\u00f6glich. Termine online oder auf Anfrage. Die Kursgeb\u00fchren werden von den Krankenkassen anteilsm\u00e4\u00dfig \u00fcbernommen. Bitte informieren Sie sich bei Ihrer Krankenkasse. &nbsp;<\/p>\n","protected":false},"author":1,"featured_media":0,"parent":0,"menu_order":0,"comment_status":"closed","ping_status":"closed","template":"","meta":{"footnotes":"","_links_to":"","_links_to_target":""},"class_list":["post-92","page","type-page","status-publish","hentry"],"yoast_head":"<!-- This site is optimized with the Yoast SEO plugin v27.3 - https:\/\/yoast.com\/product\/yoast-seo-wordpress\/ -->\n<title>Gruppenkurse - Body &amp; Soul<\/title>\n<meta name=\"robots\" content=\"index, follow, max-snippet:-1, max-image-preview:large, max-video-preview:-1\" \/>\n<link rel=\"canonical\" href=\"https:\/\/body4soul.de\/index.php\/yoga-gruppenkurse\/\" \/>\n<meta property=\"og:locale\" content=\"de_DE\" \/>\n<meta property=\"og:type\" content=\"article\" \/>\n<meta property=\"og:title\" content=\"Gruppenkurse - Body &amp; Soul\" \/>\n<meta property=\"og:description\" content=\"Yoga-Gruppenkurse Mittwochs 18:30-20 Uhr Landau, Alois-Kraemer-Str. 9 Ein Quereinstieg ist jederzeit m\u00f6glich. Termine online oder auf Anfrage. Die Kursgeb\u00fchren werden von den Krankenkassen anteilsm\u00e4\u00dfig \u00fcbernommen. Bitte informieren Sie sich bei Ihrer Krankenkasse. &nbsp;\" \/>\n<meta property=\"og:url\" content=\"https:\/\/body4soul.de\/index.php\/yoga-gruppenkurse\/\" \/>\n<meta property=\"og:site_name\" content=\"Body &amp; Soul\" \/>\n<meta property=\"article:publisher\" content=\"https:\/\/www.facebook.com\/Yamuna.Mohl.Yoga\" \/>\n<meta property=\"article:modified_time\" content=\"2025-01-01T20:39:30+00:00\" \/>\n<meta name=\"twitter:card\" content=\"summary_large_image\" \/>\n<meta name=\"twitter:label1\" content=\"Gesch\u00e4tzte Lesezeit\" \/>\n\t<meta name=\"twitter:data1\" content=\"1\u00a0Minute\" \/>\n<script type=\"application\/ld+json\" class=\"yoast-schema-graph\">{\"@context\":\"https:\\\/\\\/schema.org\",\"@graph\":[{\"@type\":\"WebPage\",\"@id\":\"https:\\\/\\\/body4soul.de\\\/index.php\\\/yoga-gruppenkurse\\\/\",\"url\":\"https:\\\/\\\/body4soul.de\\\/index.php\\\/yoga-gruppenkurse\\\/\",\"name\":\"Gruppenkurse - Body &amp; Soul\",\"isPartOf\":{\"@id\":\"https:\\\/\\\/body4soul.de\\\/#website\"},\"datePublished\":\"2019-11-15T13:11:37+00:00\",\"dateModified\":\"2025-01-01T20:39:30+00:00\",\"breadcrumb\":{\"@id\":\"https:\\\/\\\/body4soul.de\\\/index.php\\\/yoga-gruppenkurse\\\/#breadcrumb\"},\"inLanguage\":\"de\",\"potentialAction\":[{\"@type\":\"ReadAction\",\"target\":[\"https:\\\/\\\/body4soul.de\\\/index.php\\\/yoga-gruppenkurse\\\/\"]}]},{\"@type\":\"BreadcrumbList\",\"@id\":\"https:\\\/\\\/body4soul.de\\\/index.php\\\/yoga-gruppenkurse\\\/#breadcrumb\",\"itemListElement\":[{\"@type\":\"ListItem\",\"position\":1,\"name\":\"Startseite\",\"item\":\"https:\\\/\\\/body4soul.de\\\/\"},{\"@type\":\"ListItem\",\"position\":2,\"name\":\"Gruppenkurse\"}]},{\"@type\":\"WebSite\",\"@id\":\"https:\\\/\\\/body4soul.de\\\/#website\",\"url\":\"https:\\\/\\\/body4soul.de\\\/\",\"name\":\"Body &amp; Soul\",\"description\":\"Yoga - Entspannung - Ayurveda - Nordic Walking\",\"publisher\":{\"@id\":\"https:\\\/\\\/body4soul.de\\\/#organization\"},\"potentialAction\":[{\"@type\":\"SearchAction\",\"target\":{\"@type\":\"EntryPoint\",\"urlTemplate\":\"https:\\\/\\\/body4soul.de\\\/?s={search_term_string}\"},\"query-input\":{\"@type\":\"PropertyValueSpecification\",\"valueRequired\":true,\"valueName\":\"search_term_string\"}}],\"inLanguage\":\"de\"},{\"@type\":\"Organization\",\"@id\":\"https:\\\/\\\/body4soul.de\\\/#organization\",\"name\":\"Body & Soul\",\"url\":\"https:\\\/\\\/body4soul.de\\\/\",\"logo\":{\"@type\":\"ImageObject\",\"inLanguage\":\"de\",\"@id\":\"https:\\\/\\\/body4soul.de\\\/#\\\/schema\\\/logo\\\/image\\\/\",\"url\":\"https:\\\/\\\/body4soul.de\\\/wp-content\\\/uploads\\\/2019\\\/11\\\/cropped-image001-1.jpg\",\"contentUrl\":\"https:\\\/\\\/body4soul.de\\\/wp-content\\\/uploads\\\/2019\\\/11\\\/cropped-image001-1.jpg\",\"width\":512,\"height\":512,\"caption\":\"Body & Soul\"},\"image\":{\"@id\":\"https:\\\/\\\/body4soul.de\\\/#\\\/schema\\\/logo\\\/image\\\/\"},\"sameAs\":[\"https:\\\/\\\/www.facebook.com\\\/Yamuna.Mohl.Yoga\",\"https:\\\/\\\/www.instagram.com\\\/bodyandsoul_landau\\\/\"]}]}<\/script>\n<!-- \/ Yoast SEO plugin. -->","yoast_head_json":{"title":"Gruppenkurse - Body &amp; Soul","robots":{"index":"index","follow":"follow","max-snippet":"max-snippet:-1","max-image-preview":"max-image-preview:large","max-video-preview":"max-video-preview:-1"},"canonical":"https:\/\/body4soul.de\/index.php\/yoga-gruppenkurse\/","og_locale":"de_DE","og_type":"article","og_title":"Gruppenkurse - Body &amp; Soul","og_description":"Yoga-Gruppenkurse Mittwochs 18:30-20 Uhr Landau, Alois-Kraemer-Str. 9 Ein Quereinstieg ist jederzeit m\u00f6glich. Termine online oder auf Anfrage. Die Kursgeb\u00fchren werden von den Krankenkassen anteilsm\u00e4\u00dfig \u00fcbernommen. Bitte informieren Sie sich bei Ihrer Krankenkasse. &nbsp;","og_url":"https:\/\/body4soul.de\/index.php\/yoga-gruppenkurse\/","og_site_name":"Body &amp; Soul","article_publisher":"https:\/\/www.facebook.com\/Yamuna.Mohl.Yoga","article_modified_time":"2025-01-01T20:39:30+00:00","twitter_card":"summary_large_image","twitter_misc":{"Gesch\u00e4tzte Lesezeit":"1\u00a0Minute"},"schema":{"@context":"https:\/\/schema.org","@graph":[{"@type":"WebPage","@id":"https:\/\/body4soul.de\/index.php\/yoga-gruppenkurse\/","url":"https:\/\/body4soul.de\/index.php\/yoga-gruppenkurse\/","name":"Gruppenkurse - Body &amp; Soul","isPartOf":{"@id":"https:\/\/body4soul.de\/#website"},"datePublished":"2019-11-15T13:11:37+00:00","dateModified":"2025-01-01T20:39:30+00:00","breadcrumb":{"@id":"https:\/\/body4soul.de\/index.php\/yoga-gruppenkurse\/#breadcrumb"},"inLanguage":"de","potentialAction":[{"@type":"ReadAction","target":["https:\/\/body4soul.de\/index.php\/yoga-gruppenkurse\/"]}]},{"@type":"BreadcrumbList","@id":"https:\/\/body4soul.de\/index.php\/yoga-gruppenkurse\/#breadcrumb","itemListElement":[{"@type":"ListItem","position":1,"name":"Startseite","item":"https:\/\/body4soul.de\/"},{"@type":"ListItem","position":2,"name":"Gruppenkurse"}]},{"@type":"WebSite","@id":"https:\/\/body4soul.de\/#website","url":"https:\/\/body4soul.de\/","name":"Body &amp; Soul","description":"Yoga - Entspannung - Ayurveda - Nordic Walking","publisher":{"@id":"https:\/\/body4soul.de\/#organization"},"potentialAction":[{"@type":"SearchAction","target":{"@type":"EntryPoint","urlTemplate":"https:\/\/body4soul.de\/?s={search_term_string}"},"query-input":{"@type":"PropertyValueSpecification","valueRequired":true,"valueName":"search_term_string"}}],"inLanguage":"de"},{"@type":"Organization","@id":"https:\/\/body4soul.de\/#organization","name":"Body & Soul","url":"https:\/\/body4soul.de\/","logo":{"@type":"ImageObject","inLanguage":"de","@id":"https:\/\/body4soul.de\/#\/schema\/logo\/image\/","url":"https:\/\/body4soul.de\/wp-content\/uploads\/2019\/11\/cropped-image001-1.jpg","contentUrl":"https:\/\/body4soul.de\/wp-content\/uploads\/2019\/11\/cropped-image001-1.jpg","width":512,"height":512,"caption":"Body & Soul"},"image":{"@id":"https:\/\/body4soul.de\/#\/schema\/logo\/image\/"},"sameAs":["https:\/\/www.facebook.com\/Yamuna.Mohl.Yoga","https:\/\/www.instagram.com\/bodyandsoul_landau\/"]}]}},"_links":{"self":[{"href":"https:\/\/body4soul.de\/index.php\/wp-json\/wp\/v2\/pages\/92","targetHints":{"allow":["GET"]}}],"collection":[{"href":"https:\/\/body4soul.de\/index.php\/wp-json\/wp\/v2\/pages"}],"about":[{"href":"https:\/\/body4soul.de\/index.php\/wp-json\/wp\/v2\/types\/page"}],"author":[{"embeddable":true,"href":"https:\/\/body4soul.de\/index.php\/wp-json\/wp\/v2\/users\/1"}],"replies":[{"embeddable":true,"href":"https:\/\/body4soul.de\/index.php\/wp-json\/wp\/v2\/comments?post=92"}],"version-history":[{"count":24,"href":"https:\/\/body4soul.de\/index.php\/wp-json\/wp\/v2\/pages\/92\/revisions"}],"predecessor-version":[{"id":771,"href":"https:\/\/body4soul.de\/index.php\/wp-json\/wp\/v2\/pages\/92\/revisions\/771"}],"wp:attachment":[{"href":"https:\/\/body4soul.de\/index.php\/wp-json\/wp\/v2\/media?parent=92"}],"curies":[{"name":"wp","href":"https:\/\/api.w.org\/{rel}","templated":true}]}}