{"id":97,"date":"2019-11-15T14:25:53","date_gmt":"2019-11-15T13:25:53","guid":{"rendered":"https:\/\/body4soul.de\/?page_id=97"},"modified":"2026-03-04T12:17:59","modified_gmt":"2026-03-04T11:17:59","slug":"aerial-yoga","status":"publish","type":"page","link":"https:\/\/body4soul.de\/index.php\/aerial-yoga\/","title":{"rendered":"AERIAL YOGA"},"content":{"rendered":"<div style=\"width: 640px;\" class=\"wp-video\"><video class=\"wp-video-shortcode\" id=\"video-97-1\" width=\"640\" height=\"360\" preload=\"metadata\" controls=\"controls\"><source type=\"video\/mp4\" src=\"https:\/\/body4soul.de\/wp-content\/uploads\/2022\/06\/VID_20220602_192336.mp4?_=1\" \/><a href=\"https:\/\/body4soul.de\/wp-content\/uploads\/2022\/06\/VID_20220602_192336.mp4\">https:\/\/body4soul.de\/wp-content\/uploads\/2022\/06\/VID_20220602_192336.mp4<\/a><\/video><\/div>\n<p><strong><br \/>\n<em>Termine:<\/em><\/strong><br \/>\n<strong>Montag:\u00a0 \u00a0 \u00a0 \u00a0 \u00a0 \u00a0 \u00a017:30 &#8211; 18:45 Uhr\u00a0 \u00a0(nur nach Terminvereinbarung)\u00a0 \u00a0<\/strong><\/p>\n<p><strong>\u00a0 \u00a0 \u00a0 \u00a0 \u00a0 \u00a0 \u00a0 \u00a0 \u00a0 \u00a0 \u00a0 \u00a0 \u00a0 \u00a0 \u00a0 19:00 &#8211; 20:15 Uhr<\/strong><\/p>\n<p><strong>Donnerstag:\u00a0 \u00a0 19:00 &#8211; 20:15 Uhr\u00a0 \u00a0(nur nach Terminvereinbarung)<\/strong><strong>\u00a0 \u00a0 \u00a0 \u00a0 \u00a0 \u00a0 \u00a0\u00a0<\/strong><\/p>\n<ul>\n<li><strong>F\u00fcr mind. 3-4 Personen (72 \u20ac all together)<\/strong><\/li>\n<li><strong>Weitere Termine f\u00fcr 1-6 Pers. auf Anfrage<\/strong><\/li>\n<\/ul>\n<p><strong>Die ideale Geschenkidee auch f\u00fcr Geburtstage,\u00a0 &#8222;M\u00e4delsabende&#8220; u.v.m. Bis zu 7 Personen m\u00f6glich.<\/strong><\/p>\n<p>Bitte <strong> <a href=\"https:\/\/body4soulld.simplybook.it\">online<\/a> oder per <a href=\"mailto:info@body-and-soul.me\" target=\"_blank\" rel=\"noopener noreferrer\"><strong>E-Mail<\/strong><\/a> anmelden.<\/strong><\/p>\n<hr \/>\n<p><strong>Schwerelos in der Luft&#8230;ein v\u00f6llig neues Gef\u00fchl!<\/strong><\/p>\n<p><em><strong>AERIAL YOGA<\/strong><\/em> ist auch als <strong>Yoga im Tuch<\/strong>, Antigravity Yoga, Flying Yoga oder Swing Yoga bekannt. Es kombiniert die klassischen Yoga Asanas mit Figuren aus der Tuch- und Zirkusakrobatik sowie Elemente aus dem sogenannten Acro-Yoga (Partneryoga).<\/p>\n<p>In einem gro\u00dfen, von der Decke h\u00e4ngenden Tuch, praktizierst du Aerial Yoga. Durch die <strong>Schwerelosigkeit<\/strong> erlebst du eine andere, faszinierende Art des Yogas. Durch die richtige Dosierung aus <strong>Leichtigkeit, Kraft und Flexibilit\u00e4t<\/strong> erlebst du eine tiefe Entspannung. F\u00f6rdere deinen <strong>Mut<\/strong> und die F\u00e4higkeit loszulassen, wenn du die Standfestigkeit des Bodens aufgibst (denn du h\u00e4ngst meistens frei \u00fcber dem Boden). Der <strong>Spa\u00df<\/strong> kommt mit der spielerischen Freude und das frei schwingende Gef\u00fchl weckt das Kind in dir. Dein <strong>Selbstvertrauen<\/strong> und dein Mut wachsen mit jeder Asana. Egal, ob du die <strong>sanfte, Kraft aufbauende oder akrobatische<\/strong> Variante des Aerial Yogas w\u00e4hlst, am Ende erlebst du <strong>SHAVASANA<\/strong>, die Endentspannung, <strong>schwebend in der Luft<\/strong>.<\/p>\n","protected":false},"excerpt":{"rendered":"<p>Termine: Montag:\u00a0 \u00a0 \u00a0 \u00a0 \u00a0 \u00a0 \u00a017:30 &#8211; 18:45 Uhr\u00a0 \u00a0(nur nach Terminvereinbarung)\u00a0 \u00a0 \u00a0 \u00a0 \u00a0 \u00a0 \u00a0 \u00a0 \u00a0 \u00a0 \u00a0 \u00a0 \u00a0 \u00a0 \u00a0 \u00a0 \u00a0 19:00 &#8211; 20:15 Uhr Donnerstag:\u00a0 \u00a0 19:00 &#8211; 20:15 Uhr\u00a0 \u00a0(nur nach Terminvereinbarung)\u00a0 \u00a0 \u00a0 \u00a0 \u00a0 \u00a0 \u00a0\u00a0 F\u00fcr mind. 3-4 Personen (72 \u20ac [&hellip;]<\/p>\n","protected":false},"author":1,"featured_media":0,"parent":0,"menu_order":0,"comment_status":"closed","ping_status":"closed","template":"","meta":{"footnotes":"","_links_to":"","_links_to_target":""},"class_list":["post-97","page","type-page","status-publish","hentry"],"yoast_head":"<!-- This site is optimized with the Yoast SEO plugin v27.4 - https:\/\/yoast.com\/product\/yoast-seo-wordpress\/ -->\n<title>AERIAL YOGA - Body &amp; Soul<\/title>\n<meta name=\"robots\" content=\"index, follow, max-snippet:-1, max-image-preview:large, max-video-preview:-1\" \/>\n<link rel=\"canonical\" href=\"https:\/\/body4soul.de\/index.php\/aerial-yoga\/\" \/>\n<meta property=\"og:locale\" content=\"de_DE\" \/>\n<meta property=\"og:type\" content=\"article\" \/>\n<meta property=\"og:title\" content=\"AERIAL YOGA - Body &amp; Soul\" \/>\n<meta property=\"og:description\" content=\"Termine: Montag:\u00a0 \u00a0 \u00a0 \u00a0 \u00a0 \u00a0 \u00a017:30 &#8211; 18:45 Uhr\u00a0 \u00a0(nur nach Terminvereinbarung)\u00a0 \u00a0 \u00a0 \u00a0 \u00a0 \u00a0 \u00a0 \u00a0 \u00a0 \u00a0 \u00a0 \u00a0 \u00a0 \u00a0 \u00a0 \u00a0 \u00a0 19:00 &#8211; 20:15 Uhr Donnerstag:\u00a0 \u00a0 19:00 &#8211; 20:15 Uhr\u00a0 \u00a0(nur nach Terminvereinbarung)\u00a0 \u00a0 \u00a0 \u00a0 \u00a0 \u00a0 \u00a0\u00a0 F\u00fcr mind. 3-4 Personen (72 \u20ac [&hellip;]\" \/>\n<meta property=\"og:url\" content=\"https:\/\/body4soul.de\/index.php\/aerial-yoga\/\" \/>\n<meta property=\"og:site_name\" content=\"Body &amp; Soul\" \/>\n<meta property=\"article:publisher\" content=\"https:\/\/www.facebook.com\/Yamuna.Mohl.Yoga\" \/>\n<meta property=\"article:modified_time\" content=\"2026-03-04T11:17:59+00:00\" \/>\n<meta name=\"twitter:card\" content=\"summary_large_image\" \/>\n<meta name=\"twitter:label1\" content=\"Gesch\u00e4tzte Lesezeit\" \/>\n\t<meta name=\"twitter:data1\" content=\"2\u00a0Minuten\" \/>\n<script type=\"application\/ld+json\" class=\"yoast-schema-graph\">{\"@context\":\"https:\\\/\\\/schema.org\",\"@graph\":[{\"@type\":\"WebPage\",\"@id\":\"https:\\\/\\\/body4soul.de\\\/index.php\\\/aerial-yoga\\\/\",\"url\":\"https:\\\/\\\/body4soul.de\\\/index.php\\\/aerial-yoga\\\/\",\"name\":\"AERIAL YOGA - Body &amp; Soul\",\"isPartOf\":{\"@id\":\"https:\\\/\\\/body4soul.de\\\/#website\"},\"datePublished\":\"2019-11-15T13:25:53+00:00\",\"dateModified\":\"2026-03-04T11:17:59+00:00\",\"breadcrumb\":{\"@id\":\"https:\\\/\\\/body4soul.de\\\/index.php\\\/aerial-yoga\\\/#breadcrumb\"},\"inLanguage\":\"de\",\"potentialAction\":[{\"@type\":\"ReadAction\",\"target\":[\"https:\\\/\\\/body4soul.de\\\/index.php\\\/aerial-yoga\\\/\"]}]},{\"@type\":\"BreadcrumbList\",\"@id\":\"https:\\\/\\\/body4soul.de\\\/index.php\\\/aerial-yoga\\\/#breadcrumb\",\"itemListElement\":[{\"@type\":\"ListItem\",\"position\":1,\"name\":\"Startseite\",\"item\":\"https:\\\/\\\/body4soul.de\\\/\"},{\"@type\":\"ListItem\",\"position\":2,\"name\":\"AERIAL YOGA\"}]},{\"@type\":\"WebSite\",\"@id\":\"https:\\\/\\\/body4soul.de\\\/#website\",\"url\":\"https:\\\/\\\/body4soul.de\\\/\",\"name\":\"Body &amp; Soul\",\"description\":\"Yoga - Entspannung - Ayurveda - Nordic Walking\",\"publisher\":{\"@id\":\"https:\\\/\\\/body4soul.de\\\/#organization\"},\"potentialAction\":[{\"@type\":\"SearchAction\",\"target\":{\"@type\":\"EntryPoint\",\"urlTemplate\":\"https:\\\/\\\/body4soul.de\\\/?s={search_term_string}\"},\"query-input\":{\"@type\":\"PropertyValueSpecification\",\"valueRequired\":true,\"valueName\":\"search_term_string\"}}],\"inLanguage\":\"de\"},{\"@type\":\"Organization\",\"@id\":\"https:\\\/\\\/body4soul.de\\\/#organization\",\"name\":\"Body & Soul\",\"url\":\"https:\\\/\\\/body4soul.de\\\/\",\"logo\":{\"@type\":\"ImageObject\",\"inLanguage\":\"de\",\"@id\":\"https:\\\/\\\/body4soul.de\\\/#\\\/schema\\\/logo\\\/image\\\/\",\"url\":\"https:\\\/\\\/body4soul.de\\\/wp-content\\\/uploads\\\/2019\\\/11\\\/cropped-image001-1.jpg\",\"contentUrl\":\"https:\\\/\\\/body4soul.de\\\/wp-content\\\/uploads\\\/2019\\\/11\\\/cropped-image001-1.jpg\",\"width\":512,\"height\":512,\"caption\":\"Body & Soul\"},\"image\":{\"@id\":\"https:\\\/\\\/body4soul.de\\\/#\\\/schema\\\/logo\\\/image\\\/\"},\"sameAs\":[\"https:\\\/\\\/www.facebook.com\\\/Yamuna.Mohl.Yoga\",\"https:\\\/\\\/www.instagram.com\\\/bodyandsoul_landau\\\/\"]}]}<\/script>\n<!-- \/ Yoast SEO plugin. -->","yoast_head_json":{"title":"AERIAL YOGA - Body &amp; Soul","robots":{"index":"index","follow":"follow","max-snippet":"max-snippet:-1","max-image-preview":"max-image-preview:large","max-video-preview":"max-video-preview:-1"},"canonical":"https:\/\/body4soul.de\/index.php\/aerial-yoga\/","og_locale":"de_DE","og_type":"article","og_title":"AERIAL YOGA - Body &amp; Soul","og_description":"Termine: Montag:\u00a0 \u00a0 \u00a0 \u00a0 \u00a0 \u00a0 \u00a017:30 &#8211; 18:45 Uhr\u00a0 \u00a0(nur nach Terminvereinbarung)\u00a0 \u00a0 \u00a0 \u00a0 \u00a0 \u00a0 \u00a0 \u00a0 \u00a0 \u00a0 \u00a0 \u00a0 \u00a0 \u00a0 \u00a0 \u00a0 \u00a0 19:00 &#8211; 20:15 Uhr Donnerstag:\u00a0 \u00a0 19:00 &#8211; 20:15 Uhr\u00a0 \u00a0(nur nach Terminvereinbarung)\u00a0 \u00a0 \u00a0 \u00a0 \u00a0 \u00a0 \u00a0\u00a0 F\u00fcr mind. 3-4 Personen (72 \u20ac [&hellip;]","og_url":"https:\/\/body4soul.de\/index.php\/aerial-yoga\/","og_site_name":"Body &amp; Soul","article_publisher":"https:\/\/www.facebook.com\/Yamuna.Mohl.Yoga","article_modified_time":"2026-03-04T11:17:59+00:00","twitter_card":"summary_large_image","twitter_misc":{"Gesch\u00e4tzte Lesezeit":"2\u00a0Minuten"},"schema":{"@context":"https:\/\/schema.org","@graph":[{"@type":"WebPage","@id":"https:\/\/body4soul.de\/index.php\/aerial-yoga\/","url":"https:\/\/body4soul.de\/index.php\/aerial-yoga\/","name":"AERIAL YOGA - Body &amp; Soul","isPartOf":{"@id":"https:\/\/body4soul.de\/#website"},"datePublished":"2019-11-15T13:25:53+00:00","dateModified":"2026-03-04T11:17:59+00:00","breadcrumb":{"@id":"https:\/\/body4soul.de\/index.php\/aerial-yoga\/#breadcrumb"},"inLanguage":"de","potentialAction":[{"@type":"ReadAction","target":["https:\/\/body4soul.de\/index.php\/aerial-yoga\/"]}]},{"@type":"BreadcrumbList","@id":"https:\/\/body4soul.de\/index.php\/aerial-yoga\/#breadcrumb","itemListElement":[{"@type":"ListItem","position":1,"name":"Startseite","item":"https:\/\/body4soul.de\/"},{"@type":"ListItem","position":2,"name":"AERIAL YOGA"}]},{"@type":"WebSite","@id":"https:\/\/body4soul.de\/#website","url":"https:\/\/body4soul.de\/","name":"Body &amp; Soul","description":"Yoga - Entspannung - Ayurveda - Nordic Walking","publisher":{"@id":"https:\/\/body4soul.de\/#organization"},"potentialAction":[{"@type":"SearchAction","target":{"@type":"EntryPoint","urlTemplate":"https:\/\/body4soul.de\/?s={search_term_string}"},"query-input":{"@type":"PropertyValueSpecification","valueRequired":true,"valueName":"search_term_string"}}],"inLanguage":"de"},{"@type":"Organization","@id":"https:\/\/body4soul.de\/#organization","name":"Body & Soul","url":"https:\/\/body4soul.de\/","logo":{"@type":"ImageObject","inLanguage":"de","@id":"https:\/\/body4soul.de\/#\/schema\/logo\/image\/","url":"https:\/\/body4soul.de\/wp-content\/uploads\/2019\/11\/cropped-image001-1.jpg","contentUrl":"https:\/\/body4soul.de\/wp-content\/uploads\/2019\/11\/cropped-image001-1.jpg","width":512,"height":512,"caption":"Body & Soul"},"image":{"@id":"https:\/\/body4soul.de\/#\/schema\/logo\/image\/"},"sameAs":["https:\/\/www.facebook.com\/Yamuna.Mohl.Yoga","https:\/\/www.instagram.com\/bodyandsoul_landau\/"]}]}},"_links":{"self":[{"href":"https:\/\/body4soul.de\/index.php\/wp-json\/wp\/v2\/pages\/97","targetHints":{"allow":["GET"]}}],"collection":[{"href":"https:\/\/body4soul.de\/index.php\/wp-json\/wp\/v2\/pages"}],"about":[{"href":"https:\/\/body4soul.de\/index.php\/wp-json\/wp\/v2\/types\/page"}],"author":[{"embeddable":true,"href":"https:\/\/body4soul.de\/index.php\/wp-json\/wp\/v2\/users\/1"}],"replies":[{"embeddable":true,"href":"https:\/\/body4soul.de\/index.php\/wp-json\/wp\/v2\/comments?post=97"}],"version-history":[{"count":27,"href":"https:\/\/body4soul.de\/index.php\/wp-json\/wp\/v2\/pages\/97\/revisions"}],"predecessor-version":[{"id":1392,"href":"https:\/\/body4soul.de\/index.php\/wp-json\/wp\/v2\/pages\/97\/revisions\/1392"}],"wp:attachment":[{"href":"https:\/\/body4soul.de\/index.php\/wp-json\/wp\/v2\/media?parent=97"}],"curies":[{"name":"wp","href":"https:\/\/api.w.org\/{rel}","templated":true}]}}