{"id":99,"date":"2019-11-15T14:26:21","date_gmt":"2019-11-15T13:26:21","guid":{"rendered":"https:\/\/body4soul.de\/?page_id=99"},"modified":"2022-08-29T22:54:50","modified_gmt":"2022-08-29T20:54:50","slug":"kinderyoga-landau","status":"publish","type":"page","link":"https:\/\/body4soul.de\/index.php\/kinderyoga-landau\/","title":{"rendered":"KINDERYOGA"},"content":{"rendered":"<p><em><strong>Yoga f\u00fcr Kinder (coming soon)<\/strong><\/em><\/p>\n<p><strong><br \/>\n<em>Yoga f\u00fcr Jugendliche<\/em><\/strong><\/p>\n<p>Termine:<br \/>\nDonnerstag 13:30 &#8211; 15:00 Uhr in der Maria-Ward-Schule in Landau<br \/>\nBitte per <a href=\"mailto:info@body-and-soul.me\" target=\"_blank\" rel=\"noopener noreferrer\"><strong>E-Mail<\/strong><\/a> anmelden.<\/p>\n<hr \/>\n<p><strong>Kinder und Jugendliche im Stress<\/strong><\/p>\n<p>Schon Kinder sind von Stressbelastungen (wie Leistungs-, Zeit- und Erwartungsdruck) und deren komplexen Auswirkungen auf die <strong>k\u00f6rperliche und seelische Gesundheit<\/strong> betroffen.<\/p>\n<p>Dies zeigt sich h\u00e4ufig <strong>k\u00f6rperlich und psychisch<\/strong>, zum Beispiel durch:<\/p>\n<ul>\n<li>Konzentrationsmangel<\/li>\n<li>Kopfschmerzen<\/li>\n<li>Nerv\u00f6ses oder aggressives Verhalten<\/li>\n<li>Lustlosigkeit\/Antriebsschw\u00e4che<\/li>\n<li>Emotionaler R\u00fcckzug<\/li>\n<li>Ein- oder Durchschlafst\u00f6rungen<\/li>\n<li>&#8222;Bauchweh&#8220;<\/li>\n<li>Essst\u00f6rungen<\/li>\n<li>\u00c4ngste<\/li>\n<li>K\u00f6rperliche Defizite<\/li>\n<\/ul>\n<p>Kommen <strong>K\u00f6rper und Seele aus dem Gleichgewicht<\/strong>, fallen Ruhe und Konzentration oft schwer. Mein Angebot basiert auf dem Leitbild der positiven P\u00e4dagogik. Die Entwicklung ihres Potentials steht im Mittelpunkt. Die <strong>F\u00e4higkeit, sich zu entspannen zu k\u00f6nnen<\/strong>, stellt in meinen Augen schon f\u00fcr Kinder eine wichtige Lebenskompetenz dar.<\/p>\n<p>Entspannung f\u00fcr Kinder hei\u00dft f\u00fcr mich auch:<\/p>\n<ul>\n<li>Kindern Zugang zu ihren<strong> Kraftquellen<\/strong> zu er\u00f6ffnen<\/li>\n<li>Fertigkeiten vermitteln, die helfen <strong>gesund und optimistisch zu leben und zu lernen<\/strong><\/li>\n<li>Kindern ein <strong>positives Selbst- und Weltbild<\/strong> zu vermitteln<\/li>\n<li>Allen, die mit Kindern leben und arbeiten,\u00a0 M\u00f6glichkeiten f\u00fcr ein <strong>achtsames und friedvolles Miteinander<\/strong> aufzuzeigen<\/li>\n<\/ul>\n","protected":false},"excerpt":{"rendered":"<p>Yoga f\u00fcr Kinder (coming soon) Yoga f\u00fcr Jugendliche Termine: Donnerstag 13:30 &#8211; 15:00 Uhr in der Maria-Ward-Schule in Landau Bitte per E-Mail anmelden. Kinder und Jugendliche im Stress Schon Kinder sind von Stressbelastungen (wie Leistungs-, Zeit- und Erwartungsdruck) und deren komplexen Auswirkungen auf die k\u00f6rperliche und seelische Gesundheit betroffen. Dies zeigt sich h\u00e4ufig k\u00f6rperlich und [&hellip;]<\/p>\n","protected":false},"author":1,"featured_media":0,"parent":0,"menu_order":0,"comment_status":"closed","ping_status":"closed","template":"","meta":{"footnotes":"","_links_to":"","_links_to_target":""},"class_list":["post-99","page","type-page","status-publish","hentry"],"yoast_head":"<!-- This site is optimized with the Yoast SEO plugin v27.4 - https:\/\/yoast.com\/product\/yoast-seo-wordpress\/ -->\n<title>KINDERYOGA - Body &amp; Soul<\/title>\n<meta name=\"robots\" content=\"index, follow, max-snippet:-1, max-image-preview:large, max-video-preview:-1\" \/>\n<link rel=\"canonical\" href=\"https:\/\/body4soul.de\/index.php\/kinderyoga-landau\/\" \/>\n<meta property=\"og:locale\" content=\"de_DE\" \/>\n<meta property=\"og:type\" content=\"article\" \/>\n<meta property=\"og:title\" content=\"KINDERYOGA - Body &amp; Soul\" \/>\n<meta property=\"og:description\" content=\"Yoga f\u00fcr Kinder (coming soon) Yoga f\u00fcr Jugendliche Termine: Donnerstag 13:30 &#8211; 15:00 Uhr in der Maria-Ward-Schule in Landau Bitte per E-Mail anmelden. Kinder und Jugendliche im Stress Schon Kinder sind von Stressbelastungen (wie Leistungs-, Zeit- und Erwartungsdruck) und deren komplexen Auswirkungen auf die k\u00f6rperliche und seelische Gesundheit betroffen. Dies zeigt sich h\u00e4ufig k\u00f6rperlich und [&hellip;]\" \/>\n<meta property=\"og:url\" content=\"https:\/\/body4soul.de\/index.php\/kinderyoga-landau\/\" \/>\n<meta property=\"og:site_name\" content=\"Body &amp; Soul\" \/>\n<meta property=\"article:publisher\" content=\"https:\/\/www.facebook.com\/Yamuna.Mohl.Yoga\" \/>\n<meta property=\"article:modified_time\" content=\"2022-08-29T20:54:50+00:00\" \/>\n<meta name=\"twitter:card\" content=\"summary_large_image\" \/>\n<meta name=\"twitter:label1\" content=\"Gesch\u00e4tzte Lesezeit\" \/>\n\t<meta name=\"twitter:data1\" content=\"1\u00a0Minute\" \/>\n<script type=\"application\/ld+json\" class=\"yoast-schema-graph\">{\"@context\":\"https:\\\/\\\/schema.org\",\"@graph\":[{\"@type\":\"WebPage\",\"@id\":\"https:\\\/\\\/body4soul.de\\\/index.php\\\/kinderyoga-landau\\\/\",\"url\":\"https:\\\/\\\/body4soul.de\\\/index.php\\\/kinderyoga-landau\\\/\",\"name\":\"KINDERYOGA - Body &amp; Soul\",\"isPartOf\":{\"@id\":\"https:\\\/\\\/body4soul.de\\\/#website\"},\"datePublished\":\"2019-11-15T13:26:21+00:00\",\"dateModified\":\"2022-08-29T20:54:50+00:00\",\"breadcrumb\":{\"@id\":\"https:\\\/\\\/body4soul.de\\\/index.php\\\/kinderyoga-landau\\\/#breadcrumb\"},\"inLanguage\":\"de\",\"potentialAction\":[{\"@type\":\"ReadAction\",\"target\":[\"https:\\\/\\\/body4soul.de\\\/index.php\\\/kinderyoga-landau\\\/\"]}]},{\"@type\":\"BreadcrumbList\",\"@id\":\"https:\\\/\\\/body4soul.de\\\/index.php\\\/kinderyoga-landau\\\/#breadcrumb\",\"itemListElement\":[{\"@type\":\"ListItem\",\"position\":1,\"name\":\"Startseite\",\"item\":\"https:\\\/\\\/body4soul.de\\\/\"},{\"@type\":\"ListItem\",\"position\":2,\"name\":\"KINDERYOGA\"}]},{\"@type\":\"WebSite\",\"@id\":\"https:\\\/\\\/body4soul.de\\\/#website\",\"url\":\"https:\\\/\\\/body4soul.de\\\/\",\"name\":\"Body &amp; Soul\",\"description\":\"Yoga - Entspannung - Ayurveda - Nordic Walking\",\"publisher\":{\"@id\":\"https:\\\/\\\/body4soul.de\\\/#organization\"},\"potentialAction\":[{\"@type\":\"SearchAction\",\"target\":{\"@type\":\"EntryPoint\",\"urlTemplate\":\"https:\\\/\\\/body4soul.de\\\/?s={search_term_string}\"},\"query-input\":{\"@type\":\"PropertyValueSpecification\",\"valueRequired\":true,\"valueName\":\"search_term_string\"}}],\"inLanguage\":\"de\"},{\"@type\":\"Organization\",\"@id\":\"https:\\\/\\\/body4soul.de\\\/#organization\",\"name\":\"Body & Soul\",\"url\":\"https:\\\/\\\/body4soul.de\\\/\",\"logo\":{\"@type\":\"ImageObject\",\"inLanguage\":\"de\",\"@id\":\"https:\\\/\\\/body4soul.de\\\/#\\\/schema\\\/logo\\\/image\\\/\",\"url\":\"https:\\\/\\\/body4soul.de\\\/wp-content\\\/uploads\\\/2019\\\/11\\\/cropped-image001-1.jpg\",\"contentUrl\":\"https:\\\/\\\/body4soul.de\\\/wp-content\\\/uploads\\\/2019\\\/11\\\/cropped-image001-1.jpg\",\"width\":512,\"height\":512,\"caption\":\"Body & Soul\"},\"image\":{\"@id\":\"https:\\\/\\\/body4soul.de\\\/#\\\/schema\\\/logo\\\/image\\\/\"},\"sameAs\":[\"https:\\\/\\\/www.facebook.com\\\/Yamuna.Mohl.Yoga\",\"https:\\\/\\\/www.instagram.com\\\/bodyandsoul_landau\\\/\"]}]}<\/script>\n<!-- \/ Yoast SEO plugin. -->","yoast_head_json":{"title":"KINDERYOGA - Body &amp; Soul","robots":{"index":"index","follow":"follow","max-snippet":"max-snippet:-1","max-image-preview":"max-image-preview:large","max-video-preview":"max-video-preview:-1"},"canonical":"https:\/\/body4soul.de\/index.php\/kinderyoga-landau\/","og_locale":"de_DE","og_type":"article","og_title":"KINDERYOGA - Body &amp; Soul","og_description":"Yoga f\u00fcr Kinder (coming soon) Yoga f\u00fcr Jugendliche Termine: Donnerstag 13:30 &#8211; 15:00 Uhr in der Maria-Ward-Schule in Landau Bitte per E-Mail anmelden. Kinder und Jugendliche im Stress Schon Kinder sind von Stressbelastungen (wie Leistungs-, Zeit- und Erwartungsdruck) und deren komplexen Auswirkungen auf die k\u00f6rperliche und seelische Gesundheit betroffen. Dies zeigt sich h\u00e4ufig k\u00f6rperlich und [&hellip;]","og_url":"https:\/\/body4soul.de\/index.php\/kinderyoga-landau\/","og_site_name":"Body &amp; Soul","article_publisher":"https:\/\/www.facebook.com\/Yamuna.Mohl.Yoga","article_modified_time":"2022-08-29T20:54:50+00:00","twitter_card":"summary_large_image","twitter_misc":{"Gesch\u00e4tzte Lesezeit":"1\u00a0Minute"},"schema":{"@context":"https:\/\/schema.org","@graph":[{"@type":"WebPage","@id":"https:\/\/body4soul.de\/index.php\/kinderyoga-landau\/","url":"https:\/\/body4soul.de\/index.php\/kinderyoga-landau\/","name":"KINDERYOGA - Body &amp; Soul","isPartOf":{"@id":"https:\/\/body4soul.de\/#website"},"datePublished":"2019-11-15T13:26:21+00:00","dateModified":"2022-08-29T20:54:50+00:00","breadcrumb":{"@id":"https:\/\/body4soul.de\/index.php\/kinderyoga-landau\/#breadcrumb"},"inLanguage":"de","potentialAction":[{"@type":"ReadAction","target":["https:\/\/body4soul.de\/index.php\/kinderyoga-landau\/"]}]},{"@type":"BreadcrumbList","@id":"https:\/\/body4soul.de\/index.php\/kinderyoga-landau\/#breadcrumb","itemListElement":[{"@type":"ListItem","position":1,"name":"Startseite","item":"https:\/\/body4soul.de\/"},{"@type":"ListItem","position":2,"name":"KINDERYOGA"}]},{"@type":"WebSite","@id":"https:\/\/body4soul.de\/#website","url":"https:\/\/body4soul.de\/","name":"Body &amp; Soul","description":"Yoga - Entspannung - Ayurveda - Nordic Walking","publisher":{"@id":"https:\/\/body4soul.de\/#organization"},"potentialAction":[{"@type":"SearchAction","target":{"@type":"EntryPoint","urlTemplate":"https:\/\/body4soul.de\/?s={search_term_string}"},"query-input":{"@type":"PropertyValueSpecification","valueRequired":true,"valueName":"search_term_string"}}],"inLanguage":"de"},{"@type":"Organization","@id":"https:\/\/body4soul.de\/#organization","name":"Body & Soul","url":"https:\/\/body4soul.de\/","logo":{"@type":"ImageObject","inLanguage":"de","@id":"https:\/\/body4soul.de\/#\/schema\/logo\/image\/","url":"https:\/\/body4soul.de\/wp-content\/uploads\/2019\/11\/cropped-image001-1.jpg","contentUrl":"https:\/\/body4soul.de\/wp-content\/uploads\/2019\/11\/cropped-image001-1.jpg","width":512,"height":512,"caption":"Body & Soul"},"image":{"@id":"https:\/\/body4soul.de\/#\/schema\/logo\/image\/"},"sameAs":["https:\/\/www.facebook.com\/Yamuna.Mohl.Yoga","https:\/\/www.instagram.com\/bodyandsoul_landau\/"]}]}},"_links":{"self":[{"href":"https:\/\/body4soul.de\/index.php\/wp-json\/wp\/v2\/pages\/99","targetHints":{"allow":["GET"]}}],"collection":[{"href":"https:\/\/body4soul.de\/index.php\/wp-json\/wp\/v2\/pages"}],"about":[{"href":"https:\/\/body4soul.de\/index.php\/wp-json\/wp\/v2\/types\/page"}],"author":[{"embeddable":true,"href":"https:\/\/body4soul.de\/index.php\/wp-json\/wp\/v2\/users\/1"}],"replies":[{"embeddable":true,"href":"https:\/\/body4soul.de\/index.php\/wp-json\/wp\/v2\/comments?post=99"}],"version-history":[{"count":10,"href":"https:\/\/body4soul.de\/index.php\/wp-json\/wp\/v2\/pages\/99\/revisions"}],"predecessor-version":[{"id":598,"href":"https:\/\/body4soul.de\/index.php\/wp-json\/wp\/v2\/pages\/99\/revisions\/598"}],"wp:attachment":[{"href":"https:\/\/body4soul.de\/index.php\/wp-json\/wp\/v2\/media?parent=99"}],"curies":[{"name":"wp","href":"https:\/\/api.w.org\/{rel}","templated":true}]}}